{"id":45325,"date":"2023-10-09T12:03:36","date_gmt":"2023-10-09T12:03:36","guid":{"rendered":"https:\/\/staging2.navori.com\/?page_id=45325"},"modified":"2025-12-15T12:59:22","modified_gmt":"2025-12-15T12:59:22","slug":"contact","status":"publish","type":"page","link":"https:\/\/staging2.navori.com\/fr\/contact\/","title":{"rendered":"Prenons contact et d\u00e9marrons"},"content":{"rendered":"<section class=\"vc_section contact-sec\"><div class=\"vc_row wpb_row vc_row-fluid inner-content gap-0\"><div class=\"wpb_column vc_column_container vc_col-sm-12\"><div class=\"vc_column-inner\"><div class=\"wpb_wrapper\">\n\t<div class=\"wpb_text_column wpb_content_element  text-center\" >\n\t\t<div class=\"wpb_wrapper\">\n\t\t\t<h1>Commencez votre voyage vers l'affichage dynamique<\/h1>\n<p class=\"inner-desc\">D\u00e9bloquez l'innovation, le soutien d'experts et des outils puissants - le tout en un seul endroit. Cr\u00e9ez votre compte Navori pour un essai gratuit de 30 jours, un acc\u00e8s direct \u00e0 notre \u00e9quipe de vente et un support technique 18 heures par jour, 6 jours par semaine.<\/p>\n\n\t\t<\/div>\n\t<\/div>\n<\/div><\/div><\/div><\/div><div class=\"vc_row wpb_row vc_row-fluid\"><div class=\"wpb_column vc_column_container vc_col-sm-12\"><div class=\"vc_column-inner\"><div class=\"wpb_wrapper\"><div id=\"contact\" class=\"vc_row wpb_row vc_inner vc_row-fluid\"><div class=\"wpb_column vc_column_container vc_col-sm-6\"><div class=\"vc_column-inner\"><div class=\"wpb_wrapper\">\n\t<div class=\"wpb_text_column wpb_content_element\" >\n\t\t<div class=\"wpb_wrapper\">\n\t\t\t<h2>Pourquoi se connecter avec Navori ?<\/h2>\n<p>Entrez dans l\u2019avenir de l\u2019affichage dynamique avec Navori \u2014 un leader mondial qui transforme les \u00e9crans en plateformes de communication intelligentes, interactives et mesurables.<\/p>\n<p>En vous inscrivant, vous gagnez :<\/p>\n<ul>\n<li><strong>Acc\u00e8s pratique<\/strong> \u00e0 notre logiciel prim\u00e9<\/li>\n<li><strong>Soutien direct<\/strong> de nos \u00e9quipes commerciales et techniques<\/li>\n<li><strong>Ressources compl\u00e8tes<\/strong> y compris la documentation exclusive et les meilleures pratiques<\/li>\n<li><strong>Un bon d\u00e9part<\/strong> avec votre essai gratuit de 30 jours - sans carte de cr\u00e9dit<\/li>\n<\/ul>\n<p>Rejoignez les milliers d'entreprises qui profitent d\u00e9j\u00e0 de la fiabilit\u00e9 et de l'innovation in\u00e9gal\u00e9es de Navori.<\/p>\n\n\t\t<\/div>\n\t<\/div>\n<\/div><\/div><\/div><div class=\"contact-from wpb_column vc_column_container vc_col-sm-6\"><div class=\"vc_column-inner\"><div class=\"wpb_wrapper\">\n\t<div class=\"wpb_raw_code wpb_content_element wpb_raw_html\" >\n\t\t<div class=\"wpb_wrapper\">\n\t\t\t<script src=\"https:\/\/js-eu1.hsforms.net\/forms\/embed\/developer\/146281134.js\" defer><\/script>\n<div class=\"hs-form-html\" data-region=\"eu1\" data-form-id=\"cdd2eb9a-e9e0-46c2-b3c4-f35a63e1b84b\" data-portal-id=\"146281134\"><\/div>\n\t\t<\/div>\n\t<\/div>\n<\/div><\/div><\/div><\/div><\/div><\/div><\/div><\/div><div class=\"vc_row wpb_row vc_row-fluid\"><div class=\"wpb_column vc_column_container vc_col-sm-12\"><div class=\"vc_column-inner\"><div class=\"wpb_wrapper\"><div class=\"vc_row wpb_row vc_inner vc_row-fluid resellers\"><div class=\"wpb_column vc_column_container vc_col-sm-6\"><div class=\"vc_column-inner\"><div class=\"wpb_wrapper\">\n\t<div class=\"wpb_text_column wpb_content_element\" >\n\t\t<div class=\"wpb_wrapper\">\n\t\t\t<h2>Devenez un revendeur certifi\u00e9 et prenez la t\u00eate de votre march\u00e9 !<\/h2>\n<p>En rejoignant notre r\u00e9seau, vous b\u00e9n\u00e9ficiez de la capacit\u00e9 de r\u00e9pondre \u00e0 la plupart des cas d\u2019usage de l\u2019affichage dynamique gr\u00e2ce \u00e0 une solution logicielle professionnelle unique. De plus, Navori est compatible avec les \u00e9quipements professionnels couramment utilis\u00e9s, ce qui vous permet de proposer \u00e0 vos clients une solution int\u00e9gr\u00e9e.<\/p>\n<p>En tant que <a href=\"\/fr\/reseller-program\/\">revendeur<\/a>, vous b\u00e9n\u00e9ficierez d'un support local d\u00e9di\u00e9 de Navori, d'une assistance avant-vente et technique, y compris des d\u00e9monstrations de produits et de la maintenance.<\/p>\n\n\t\t<\/div>\n\t<\/div>\n<\/div><\/div><\/div><div class=\"wpb_column vc_column_container vc_col-sm-6\"><div class=\"vc_column-inner\"><div class=\"wpb_wrapper\">\n\t<div  class=\"wpb_single_image wpb_content_element vc_align_left\">\n\t\t\n\t\t<figure class=\"wpb_wrapper vc_figure\">\n\t\t\t<div class=\"vc_single_image-wrapper   vc_box_border_grey\"><img loading=\"lazy\" decoding=\"async\" width=\"705\" height=\"764\" src=\"https:\/\/staging2.navori.com\/wp-content\/uploads\/2024\/02\/new-reseeler-block.webp\" class=\"vc_single_image-img attachment-full\" alt=\"Business professional shaking hands while reviewing a digital signage software contract.\" title=\"nouveau-bloc-relais\" srcset=\"https:\/\/staging2.navori.com\/wp-content\/uploads\/2024\/02\/new-reseeler-block.webp 705w, https:\/\/staging2.navori.com\/wp-content\/uploads\/2024\/02\/new-reseeler-block-277x300.webp 277w\" sizes=\"auto, (max-width: 705px) 100vw, 705px\" \/><\/div>\n\t\t<\/figure>\n\t<\/div>\n<\/div><\/div><\/div><\/div>\n\t<div class=\"wpb_text_column wpb_content_element  flex\" >\n\t\t<div class=\"wpb_wrapper\">\n\t\t\t<div class=\"btn holo-btn\"><a title=\"Boostez votre activit\u00e9 avec Navori\" href=\"\/fr\/contact\/\">Boostez votre activit\u00e9 avec Navori<\/a><\/div>\n\n\t\t<\/div>\n\t<\/div>\n<\/div><\/div><\/div><\/div><\/section>","protected":false},"excerpt":{"rendered":"Start Your Digital Signage Journey Unlock innovation, expert support, and powerful tools \u2014 all in one place. Create your Navori account for a 30-day free trial, direct access to our sales team, and technical support 18 hours a day, 6 days a week. Why Connect with Navori? Step into the future of digital signage with [...]","protected":false},"author":1,"featured_media":0,"parent":0,"menu_order":0,"comment_status":"closed","ping_status":"closed","template":"singup.php","meta":{"inline_featured_image":false,"footnotes":""},"class_list":["post-45325","page","type-page","status-publish","hentry"],"yoast_head":"<!-- This site is optimized with the Yoast SEO Premium plugin v24.1 (Yoast SEO v27.2) - https:\/\/yoast.com\/product\/yoast-seo-premium-wordpress\/ -->\n<title>Contact Navori | Start Your Free Digital Signage Trial<\/title>\n<meta name=\"description\" content=\"Have questions or need assistance? Get in touch with Navori for prompt and friendly support. We&#039;re here to help!\" \/>\n<meta name=\"robots\" content=\"index, follow, max-snippet:-1, max-image-preview:large, max-video-preview:-1\" \/>\n<link rel=\"canonical\" href=\"https:\/\/staging2.navori.com\/fr\/contact\/\" \/>\n<meta property=\"og:locale\" content=\"fr_FR\" \/>\n<meta property=\"og:type\" content=\"article\" \/>\n<meta property=\"og:title\" content=\"Let\u2019s Connect and Get You Started\" \/>\n<meta property=\"og:description\" content=\"Have questions or need assistance? Get in touch with Navori for prompt and friendly support. We&#039;re here to help!\" \/>\n<meta property=\"og:url\" content=\"https:\/\/staging2.navori.com\/fr\/contact\/\" \/>\n<meta property=\"og:site_name\" content=\"Navori Labs\" \/>\n<meta property=\"article:publisher\" content=\"https:\/\/www.facebook.com\/NavoriLabs\" \/>\n<meta property=\"article:modified_time\" content=\"2025-12-15T12:59:22+00:00\" \/>\n<meta name=\"twitter:card\" content=\"summary_large_image\" \/>\n<meta name=\"twitter:site\" content=\"@navori\" \/>\n<meta name=\"twitter:label1\" content=\"Dur\u00e9e de lecture estim\u00e9e\" \/>\n\t<meta name=\"twitter:data1\" content=\"2 minutes\" \/>\n<script type=\"application\/ld+json\" class=\"yoast-schema-graph\">{\"@context\":\"https:\/\/schema.org\",\"@graph\":[{\"@type\":\"Article\",\"@id\":\"https:\/\/staging2.navori.com\/contact\/#article\",\"isPartOf\":{\"@id\":\"https:\/\/staging2.navori.com\/contact\/\"},\"author\":{\"name\":\"navoriwebman1\",\"@id\":\"https:\/\/staging2.navori.com\/#\/schema\/person\/3de28eca2f1bad61c026c3bfcbedc0d0\"},\"headline\":\"Let\u2019s Connect and Get You Started\",\"datePublished\":\"2023-10-09T12:03:36+00:00\",\"dateModified\":\"2025-12-15T12:59:22+00:00\",\"mainEntityOfPage\":{\"@id\":\"https:\/\/staging2.navori.com\/contact\/\"},\"wordCount\":357,\"publisher\":{\"@id\":\"https:\/\/staging2.navori.com\/#organization\"},\"inLanguage\":\"fr-FR\"},{\"@type\":\"WebPage\",\"@id\":\"https:\/\/staging2.navori.com\/contact\/\",\"url\":\"https:\/\/staging2.navori.com\/contact\/\",\"name\":\"Contact Navori | Start Your Free Digital Signage Trial\",\"isPartOf\":{\"@id\":\"https:\/\/staging2.navori.com\/#website\"},\"datePublished\":\"2023-10-09T12:03:36+00:00\",\"dateModified\":\"2025-12-15T12:59:22+00:00\",\"description\":\"Have questions or need assistance? Get in touch with Navori for prompt and friendly support. We're here to help!\",\"breadcrumb\":{\"@id\":\"https:\/\/staging2.navori.com\/contact\/#breadcrumb\"},\"inLanguage\":\"fr-FR\",\"potentialAction\":[{\"@type\":\"ReadAction\",\"target\":[\"https:\/\/staging2.navori.com\/contact\/\"]}]},{\"@type\":\"BreadcrumbList\",\"@id\":\"https:\/\/staging2.navori.com\/contact\/#breadcrumb\",\"itemListElement\":[{\"@type\":\"ListItem\",\"position\":1,\"name\":\"Home\",\"item\":\"https:\/\/staging2.navori.com\/\"},{\"@type\":\"ListItem\",\"position\":2,\"name\":\"Let\u2019s Connect and Get You Started\"}]},{\"@type\":\"WebSite\",\"@id\":\"https:\/\/staging2.navori.com\/#website\",\"url\":\"https:\/\/staging2.navori.com\/\",\"name\":\"Navori Labs\",\"description\":\"\",\"publisher\":{\"@id\":\"https:\/\/staging2.navori.com\/#organization\"},\"potentialAction\":[{\"@type\":\"SearchAction\",\"target\":{\"@type\":\"EntryPoint\",\"urlTemplate\":\"https:\/\/staging2.navori.com\/?s={search_term_string}\"},\"query-input\":{\"@type\":\"PropertyValueSpecification\",\"valueRequired\":true,\"valueName\":\"search_term_string\"}}],\"inLanguage\":\"fr-FR\"},{\"@type\":\"Organization\",\"@id\":\"https:\/\/staging2.navori.com\/#organization\",\"name\":\"Navori Labs\",\"url\":\"https:\/\/staging2.navori.com\/\",\"logo\":{\"@type\":\"ImageObject\",\"inLanguage\":\"fr-FR\",\"@id\":\"https:\/\/staging2.navori.com\/#\/schema\/logo\/image\/\",\"url\":\"https:\/\/staging2.navori.com\/wp-content\/uploads\/2024\/04\/NAVORI-logo.svg\",\"contentUrl\":\"https:\/\/staging2.navori.com\/wp-content\/uploads\/2024\/04\/NAVORI-logo.svg\",\"width\":120,\"height\":19,\"caption\":\"Navori Labs\"},\"image\":{\"@id\":\"https:\/\/staging2.navori.com\/#\/schema\/logo\/image\/\"},\"sameAs\":[\"https:\/\/www.facebook.com\/NavoriLabs\",\"https:\/\/x.com\/navori\",\"https:\/\/www.instagram.com\/navorilabs\",\"https:\/\/www.linkedin.com\/company\/navori-sa\",\"https:\/\/www.youtube.com\/user\/NavoriQL\"]},{\"@type\":\"Person\",\"@id\":\"https:\/\/staging2.navori.com\/#\/schema\/person\/3de28eca2f1bad61c026c3bfcbedc0d0\",\"name\":\"navoriwebman1\",\"image\":{\"@type\":\"ImageObject\",\"inLanguage\":\"fr-FR\",\"@id\":\"https:\/\/secure.gravatar.com\/avatar\/7b547b91e1c1c1bbaf0c28a3b85ef79f28f971c49b2650159ba15d821147fcde?s=96&d=mm&r=g\",\"url\":\"https:\/\/secure.gravatar.com\/avatar\/7b547b91e1c1c1bbaf0c28a3b85ef79f28f971c49b2650159ba15d821147fcde?s=96&d=mm&r=g\",\"contentUrl\":\"https:\/\/secure.gravatar.com\/avatar\/7b547b91e1c1c1bbaf0c28a3b85ef79f28f971c49b2650159ba15d821147fcde?s=96&d=mm&r=g\",\"caption\":\"navoriwebman1\"},\"sameAs\":[\"https:\/\/navori.com\"],\"url\":\"https:\/\/staging2.navori.com\/fr\/author\/navoriwebman1\/\"}]}<\/script>\n<!-- \/ Yoast SEO Premium plugin. -->","yoast_head_json":{"title":"Contactez Navori | D\u00e9marrez votre essai gratuit d'affichage dynamique","description":"Vous avez des questions ou besoin d'aide ? Contactez Navori pour un support rapide et amical. Nous sommes l\u00e0 pour vous aider !","robots":{"index":"index","follow":"follow","max-snippet":"max-snippet:-1","max-image-preview":"max-image-preview:large","max-video-preview":"max-video-preview:-1"},"canonical":"https:\/\/staging2.navori.com\/fr\/contact\/","og_locale":"fr_FR","og_type":"article","og_title":"Let\u2019s Connect and Get You Started","og_description":"Have questions or need assistance? Get in touch with Navori for prompt and friendly support. We're here to help!","og_url":"https:\/\/staging2.navori.com\/fr\/contact\/","og_site_name":"Navori Labs","article_publisher":"https:\/\/www.facebook.com\/NavoriLabs","article_modified_time":"2025-12-15T12:59:22+00:00","twitter_card":"summary_large_image","twitter_site":"@navori","twitter_misc":{"Dur\u00e9e de lecture estim\u00e9e":"2 minutes"},"schema":{"@context":"https:\/\/schema.org","@graph":[{"@type":"Article","@id":"https:\/\/staging2.navori.com\/contact\/#article","isPartOf":{"@id":"https:\/\/staging2.navori.com\/contact\/"},"author":{"name":"navoriwebman1","@id":"https:\/\/staging2.navori.com\/#\/schema\/person\/3de28eca2f1bad61c026c3bfcbedc0d0"},"headline":"Let\u2019s Connect and Get You Started","datePublished":"2023-10-09T12:03:36+00:00","dateModified":"2025-12-15T12:59:22+00:00","mainEntityOfPage":{"@id":"https:\/\/staging2.navori.com\/contact\/"},"wordCount":357,"publisher":{"@id":"https:\/\/staging2.navori.com\/#organization"},"inLanguage":"fr-FR"},{"@type":"WebPage","@id":"https:\/\/staging2.navori.com\/contact\/","url":"https:\/\/staging2.navori.com\/contact\/","name":"Contactez Navori | D\u00e9marrez votre essai gratuit d'affichage dynamique","isPartOf":{"@id":"https:\/\/staging2.navori.com\/#website"},"datePublished":"2023-10-09T12:03:36+00:00","dateModified":"2025-12-15T12:59:22+00:00","description":"Vous avez des questions ou besoin d'aide ? Contactez Navori pour un support rapide et amical. Nous sommes l\u00e0 pour vous aider !","breadcrumb":{"@id":"https:\/\/staging2.navori.com\/contact\/#breadcrumb"},"inLanguage":"fr-FR","potentialAction":[{"@type":"ReadAction","target":["https:\/\/staging2.navori.com\/contact\/"]}]},{"@type":"BreadcrumbList","@id":"https:\/\/staging2.navori.com\/contact\/#breadcrumb","itemListElement":[{"@type":"ListItem","position":1,"name":"Home","item":"https:\/\/staging2.navori.com\/"},{"@type":"ListItem","position":2,"name":"Let\u2019s Connect and Get You Started"}]},{"@type":"WebSite","@id":"https:\/\/staging2.navori.com\/#website","url":"https:\/\/staging2.navori.com\/","name":"Navori Labs","description":"","publisher":{"@id":"https:\/\/staging2.navori.com\/#organization"},"potentialAction":[{"@type":"SearchAction","target":{"@type":"EntryPoint","urlTemplate":"https:\/\/staging2.navori.com\/?s={search_term_string}"},"query-input":{"@type":"PropertyValueSpecification","valueRequired":true,"valueName":"search_term_string"}}],"inLanguage":"fr-FR"},{"@type":"Organization","@id":"https:\/\/staging2.navori.com\/#organization","name":"Navori Labs","url":"https:\/\/staging2.navori.com\/","logo":{"@type":"ImageObject","inLanguage":"fr-FR","@id":"https:\/\/staging2.navori.com\/#\/schema\/logo\/image\/","url":"https:\/\/staging2.navori.com\/wp-content\/uploads\/2024\/04\/NAVORI-logo.svg","contentUrl":"https:\/\/staging2.navori.com\/wp-content\/uploads\/2024\/04\/NAVORI-logo.svg","width":120,"height":19,"caption":"Navori Labs"},"image":{"@id":"https:\/\/staging2.navori.com\/#\/schema\/logo\/image\/"},"sameAs":["https:\/\/www.facebook.com\/NavoriLabs","https:\/\/x.com\/navori","https:\/\/www.instagram.com\/navorilabs","https:\/\/www.linkedin.com\/company\/navori-sa","https:\/\/www.youtube.com\/user\/NavoriQL"]},{"@type":"Person","@id":"https:\/\/staging2.navori.com\/#\/schema\/person\/3de28eca2f1bad61c026c3bfcbedc0d0","name":"navoriwebman1","image":{"@type":"ImageObject","inLanguage":"fr-FR","@id":"https:\/\/secure.gravatar.com\/avatar\/7b547b91e1c1c1bbaf0c28a3b85ef79f28f971c49b2650159ba15d821147fcde?s=96&d=mm&r=g","url":"https:\/\/secure.gravatar.com\/avatar\/7b547b91e1c1c1bbaf0c28a3b85ef79f28f971c49b2650159ba15d821147fcde?s=96&d=mm&r=g","contentUrl":"https:\/\/secure.gravatar.com\/avatar\/7b547b91e1c1c1bbaf0c28a3b85ef79f28f971c49b2650159ba15d821147fcde?s=96&d=mm&r=g","caption":"navoriwebman1"},"sameAs":["https:\/\/navori.com"],"url":"https:\/\/staging2.navori.com\/fr\/author\/navoriwebman1\/"}]}},"_links":{"self":[{"href":"https:\/\/staging2.navori.com\/fr\/wp-json\/wp\/v2\/pages\/45325","targetHints":{"allow":["GET"]}}],"collection":[{"href":"https:\/\/staging2.navori.com\/fr\/wp-json\/wp\/v2\/pages"}],"about":[{"href":"https:\/\/staging2.navori.com\/fr\/wp-json\/wp\/v2\/types\/page"}],"author":[{"embeddable":true,"href":"https:\/\/staging2.navori.com\/fr\/wp-json\/wp\/v2\/users\/1"}],"replies":[{"embeddable":true,"href":"https:\/\/staging2.navori.com\/fr\/wp-json\/wp\/v2\/comments?post=45325"}],"version-history":[{"count":0,"href":"https:\/\/staging2.navori.com\/fr\/wp-json\/wp\/v2\/pages\/45325\/revisions"}],"wp:attachment":[{"href":"https:\/\/staging2.navori.com\/fr\/wp-json\/wp\/v2\/media?parent=45325"}],"curies":[{"name":"wp","href":"https:\/\/api.w.org\/{rel}","templated":true}]}}