{"id":58981,"date":"2024-08-09T13:08:01","date_gmt":"2024-08-09T13:08:01","guid":{"rendered":"https:\/\/staging2.navori.com\/?page_id=58981"},"modified":"2024-10-30T08:55:27","modified_gmt":"2024-10-30T08:55:27","slug":"retail-lp","status":"publish","type":"page","link":"https:\/\/staging2.navori.com\/fr\/retail-lp\/","title":{"rendered":"Gardez une longueur d'avance avec la solution d'affichage num\u00e9rique pour le commerce de d\u00e9tail de Navori"},"content":{"rendered":"<section class=\"vc_section\"><div class=\"vc_row wpb_row vc_row-fluid\"><div class=\"wpb_column vc_column_container vc_col-sm-12\"><div class=\"vc_column-inner\"><div class=\"wpb_wrapper\">\n\t<div class=\"wpb_text_column wpb_content_element\" >\n\t\t<div class=\"wpb_wrapper\">\n\t\t\t<h2>Optimisez la r\u00e9ussite du commerce de d\u00e9tail gr\u00e2ce \u00e0 l\u2019affichage dynamique retail<\/h2>\n<p>Dans le paysage commercial d'aujourd'hui, le succ\u00e8s d\u00e9pend de la compr\u00e9hension des tendances \u00e9volutives et des d\u00e9fis potentiels. Le logiciel Navori est un alli\u00e9 inestimable pour les d\u00e9taillants modernes, am\u00e9liorant l'affichage en magasin et rationalisant la gestion du contenu \u00e0 travers de multiples emplacements gr\u00e2ce \u00e0 l'affichage num\u00e9rique au d\u00e9tail.<\/p>\n<p>Cependant, pour r\u00e9ussir dans la vente au d\u00e9tail, il faut \u00eatre conscient des d\u00e9fis communs. Les pr\u00e9f\u00e9rences des clients peuvent \u00e9voluer rapidement, et un contenu obsol\u00e8te ou des syst\u00e8mes de gestion inefficaces peuvent constituer des obstacles importants. C'est pourquoi la planification strat\u00e9gique est cruciale. En reconnaissant et en relevant ces d\u00e9fis d\u00e8s le d\u00e9part, les d\u00e9taillants peuvent non seulement r\u00e9pondre aux attentes des clients, mais aussi tirer pleinement parti de l'affichage dynamique pour le commerce de d\u00e9tail afin de cr\u00e9er une exp\u00e9rience d'achat exceptionnelle.<\/p>\n<p>Les solutions d'affichage num\u00e9rique pour le commerce de d\u00e9tail comme Navori fournissent les outils n\u00e9cessaires aux d\u00e9taillants modernes pour rester \u00e0 l'avant-garde. L'utilisation de l'affichage dynamique pour le commerce de d\u00e9tail permet aux magasins de s'adapter rapidement aux tendances changeantes, d'offrir un contenu attrayant et de maintenir des syst\u00e8mes de gestion efficaces.<\/p>\n\n\t\t<\/div>\n\t<\/div>\n\n\t<div class=\"wpb_text_column wpb_content_element\" >\n\t\t<div class=\"wpb_wrapper\">\n\t\t\t<h2><section id=\"custom_html-3\"><div class=\"textwidget custom-html-widget\"><div class=\"request-widget lozad\" data-background-image=\"https:\/\/staging2.navori.com\/wp-content\/uploads\/2023\/12\/red-graident-cta-bg-scaled.webp\">\r\n\t<div>\r\n\t<div style=\"font-weight: bold; font-size: 24px;\">R\u00e9servez une d\u00e9mo et d\u00e9couvrez la puissance du logiciel d\u2019affichage dynamique de Navori ! <\/div>\r\n\t<\/div>\r\n\t<div class=\"form\">\r\n\t\t<div class=\"btn\">\r\n\t\t\t<a href=\"\/fr\/contact\/\" id=\"CTA-Request-Demo\">Commencer <\/a>\r\n\t\t<\/div>\r\n\t<\/div>\r\n<\/div><\/div><\/section><\/h2>\n\n\t\t<\/div>\n\t<\/div>\n\n\t<div class=\"wpb_text_column wpb_content_element\" >\n\t\t<div class=\"wpb_wrapper\">\n\t\t\t<h2>Comment les meilleurs d\u00e9taillants d'aujourd'hui s'appuient sur l'affichage dynamique dans le commerce de d\u00e9tail<\/h2>\n<p><em><strong>Attirer et fid\u00e9liser les clients potentiels avec des produits convaincants <a href=\"https:\/\/navori.com\/store-front\/\">Affichage num\u00e9rique en vitrine<\/a><\/strong><\/em><br \/>\nLe logiciel Navori est la cl\u00e9 pour attirer les clients avec des vitrines captivantes et dynamiques. Transformez les passants occasionnels en clients potentiels en pr\u00e9sentant un contenu accrocheur qui capte leur attention et suscite leur int\u00e9r\u00eat. Notre logiciel vous permet de cr\u00e9er une vitrine visuellement attrayante qui laisse une impression durable et qui incite les gens \u00e0 entrer dans votre \u00e9tablissement.<\/p>\n<p><strong><em>Influencez les d\u00e9cisions et les pr\u00e9f\u00e9rences des acheteurs<\/em><\/strong><br \/>\nLes d\u00e9taillants peuvent placer des \u00e9crans num\u00e9riques de mani\u00e8re strat\u00e9gique afin d'influencer efficacement les d\u00e9cisions et les pr\u00e9f\u00e9rences des acheteurs. En pla\u00e7ant strat\u00e9giquement les \u00e9crans pr\u00e8s des zones de passage, des produits sp\u00e9cifiques ou des sections promotionnelles, vous pouvez guider les clients vers des choix \u00e9clair\u00e9s et les orienter vers les produits ou les promotions que vous souhaitez mettre en avant.<\/p>\n<p><strong><em>Analysez la fr\u00e9quentation des magasins en fonction de l'\u00e2ge et des donn\u00e9es d\u00e9mographiques<\/em><\/strong><br \/>\nLes outils d'analyse avanc\u00e9e de Navori offrent des informations pr\u00e9cieuses sur la fr\u00e9quentation des magasins, ce qui permet aux d\u00e9taillants de mieux comprendre leur public. En analysant les donn\u00e9es d\u00e9mographiques des clients telles que l'\u00e2ge et le sexe, vous pouvez adapter vos strat\u00e9gies de marketing et de merchandising afin de mieux r\u00e9pondre aux besoins et aux pr\u00e9f\u00e9rences de votre public cible.<\/p>\n<p><strong><em>G\u00e9rez les \u00e9crans d\u2019un vaste r\u00e9seau de magasins depuis un syst\u00e8me centralis\u00e9<\/em><\/strong><br \/>\nG\u00e9rer et mettre \u00e0 jour le contenu d'un grand r\u00e9seau de magasins peut \u00eatre une t\u00e2che ardue, mais le logiciel Navori simplifie ce processus. Avec notre syst\u00e8me centralis\u00e9, vous pouvez facilement contr\u00f4ler et surveiller les affichages dans plusieurs endroits, assurant ainsi la coh\u00e9rence et l'efficacit\u00e9 dans l'ensemble de votre r\u00e9seau.<\/p>\n<p><strong><em>Mettez \u00e0 jour facilement vos contenus promotionnels \u00e0 la vol\u00e9e<\/em><\/strong><br \/>\nLes tendances du march\u00e9 et les promotions peuvent changer rapidement, et le logiciel Navori vous permet de rester agile en r\u00e9ponse. Mettez facilement \u00e0 jour le contenu promotionnel \u00e0 la vol\u00e9e, ce qui vous permet de vous adapter rapidement aux pr\u00e9f\u00e9rences changeantes des consommateurs et \u00e0 la dynamique du march\u00e9. En gardant votre contenu frais et pertinent, vos campagnes continueront \u00e0 r\u00e9sonner avec votre public cible, ce qui augmentera le trafic et les ventes.<\/p>\n\n\t\t<\/div>\n\t<\/div>\n\n\t<div class=\"wpb_text_column wpb_content_element  fancy\" >\n\t\t<div class=\"wpb_wrapper\">\n\t\t\t<p><a href=\"\/wp-content\/uploads\/2023\/11\/QL-Manager-Essential-for-Retail-Large.webp\" data-fancybox=\"gallery\"><img decoding=\"async\" src=\"\/wp-content\/uploads\/2023\/11\/QL-Manager-Essential-for-Retail-Small.webp\" alt=\"QL-Manager-Essential-for-Retail\" \/><\/a><\/p>\n\n\t\t<\/div>\n\t<\/div>\n\n\t<div class=\"wpb_text_column wpb_content_element\" >\n\t\t<div class=\"wpb_wrapper\">\n\t\t\t<blockquote>\n<p>Navori Labs fait partie int\u00e9grante de notre strat\u00e9gie marketing. Le syst\u00e8me r\u00e9pond \u00e0 nos besoins de flexibilit\u00e9, d'\u00e9volutivit\u00e9 et de facilit\u00e9 d'utilisation. L'\u00e9quipe de Navori Labs nous a soutenus tout au long du processus et a assur\u00e9 un d\u00e9ploiement sans effort du nouveau syst\u00e8me. Notre partenariat continu avec Navori Labs est pr\u00e9cieux pour nous aider \u00e0 atteindre le succ\u00e8s commercial.<\/p>\n<div>- Tiffany Banh, Coordinatrice marketing - WEM<\/div>\n<\/blockquote>\n\n\t\t<\/div>\n\t<\/div>\n\n\t<div class=\"wpb_text_column wpb_content_element  check-list\" >\n\t\t<div class=\"wpb_wrapper\">\n\t\t\t<h2>Cas concrets d'utilisation de l'affichage dynamique dans le commerce de d\u00e9tail<\/h2>\n<p><strong><em>Kiosques interactifs en libre-service<\/em><\/strong><br \/>\nLe logiciel Navori permet aux d\u00e9taillants d'offrir des exp\u00e9riences de magasinage interactives gr\u00e2ce \u00e0 des kiosques en libre-service. Ces kiosques permettent aux clients d'explorer les produits, de trouver de l'information et de faire des achats sans effort. Ces kiosques permettent aux clients d'explorer les produits, de trouver de l'information et de faire des achats sans effort.<\/p>\n<p><strong><em>Encouragez les achats impulsifs sur votre <a href=\"https:\/\/navori.com\/blog\/how-digital-signage-works-for-retail\/\">Affichage dynamique pour le commerce de d\u00e9tail<\/a> en zone de caisse<\/em><\/strong><br \/>\nLe logiciel Navori aide les commer\u00e7ants \u00e0 augmenter leurs revenus en captant l\u2019attention des clients au moment du passage en caisse. La promotion d\u2019offres de derni\u00e8re minute et l\u2019incitation aux achats impulsifs via l\u2019affichage dynamique retail peuvent consid\u00e9rablement stimuler les ventes et am\u00e9liorer l\u2019exp\u00e9rience d\u2019achat.<\/p>\n<p><strong><em>Affichez la pr\u00e9sence de votre marque sur les m\u00e9dias sociaux<\/em><\/strong><br \/>\nInt\u00e9grez des flux de r\u00e9seaux sociaux \u00e0 vos \u00e9crans d\u2019affichage dynamique retail afin de mettre en avant les contenus g\u00e9n\u00e9r\u00e9s par les utilisateurs, renforcer la fid\u00e9lit\u00e9 \u00e0 la marque et encourager l\u2019engagement de la communaut\u00e9 en ligne. Cette approche enrichit votre strat\u00e9gie d\u2019affichage dynamique retail en reliant les interactions en ligne et hors ligne.<\/p>\n<p><strong><em>Am\u00e9liorez votre retour sur investissement gr\u00e2ce \u00e0 des donn\u00e9es d'analyse pr\u00e9cises sur les acheteurs<\/em><\/strong><br \/>\n<a href=\"https:\/\/aquaji.com\/\">Les outils d'analyse de Navori<\/a> aident les d\u00e9taillants \u00e0 recueillir des donn\u00e9es pr\u00e9cises sur les acheteurs. Cela leur permet de prendre des d\u00e9cisions intelligentes et de mieux rentabiliser leurs investissements. Lorsque vous savez ce que les clients aiment et comment ils se comportent, vous pouvez planifier le marketing, stocker les produits et cr\u00e9er des exp\u00e9riences d'achat que les gens appr\u00e9cient.<\/p>\n<p><em><strong>Stimuler les ventes gr\u00e2ce \u00e0 des campagnes publicitaires automatis\u00e9es<\/strong><\/em><br \/>\nFacilitez votre marketing avec des publicit\u00e9s automatiques qui ciblent des groupes sp\u00e9cifiques de personnes. Le logiciel Navori permet aux d\u00e9taillants de diffuser des annonces qui changent en fonction de ce qui se passe dans le march\u00e9 et de ce que les clients aiment. En faisant cela automatiquement, vous pouvez atteindre les bonnes personnes au bon moment, faire conna\u00eetre votre marque \u00e0 plus de gens et faire plus de ventes, optimisant ainsi l'affichage dynamique pour le commerce de d\u00e9tail.<\/p>\n\n\t\t<\/div>\n\t<\/div>\n\n\t<div  class=\"wpb_single_image wpb_content_element vc_align_left\">\n\t\t\n\t\t<figure class=\"wpb_wrapper vc_figure\">\n\t\t\t<div class=\"vc_single_image-wrapper   vc_box_border_grey\"><img loading=\"lazy\" decoding=\"async\" width=\"900\" height=\"481\" src=\"https:\/\/staging2.navori.com\/wp-content\/uploads\/2023\/07\/Retail-Videowall-The-Kooples-Paris-France.jpg\" class=\"vc_single_image-img attachment-large\" alt=\"digital signage in a retail store\" title=\"Retail-Videowall-The-Kooples-Paris-France\" srcset=\"https:\/\/staging2.navori.com\/wp-content\/uploads\/2023\/07\/Retail-Videowall-The-Kooples-Paris-France.jpg 900w, https:\/\/staging2.navori.com\/wp-content\/uploads\/2023\/07\/Retail-Videowall-The-Kooples-Paris-France-300x160.jpg 300w, https:\/\/staging2.navori.com\/wp-content\/uploads\/2023\/07\/Retail-Videowall-The-Kooples-Paris-France-768x410.jpg 768w\" sizes=\"auto, (max-width: 900px) 100vw, 900px\" \/><\/div>\n\t\t<\/figure>\n\t<\/div>\n\n\t<div class=\"wpb_text_column wpb_content_element  check-list\" >\n\t\t<div class=\"wpb_wrapper\">\n\t\t\t<h2>Solutions logicielles d'affichage dynamique pour le commerce de d\u00e9tail de Navori<\/h2>\n<p>Le logiciel Navori vous donne l\u2019avantage n\u00e9cessaire pour r\u00e9ussir avec l\u2019affichage dynamique retail. Il est con\u00e7u pour r\u00e9pondre aux besoins sp\u00e9cifiques de votre secteur et relever les d\u00e9fis du quotidien. Int\u00e9grer l\u2019affichage dynamique retail \u00e0 votre strat\u00e9gie est d\u00e9sormais indispensable. Avec Navori, vous am\u00e9liorez l\u2019exp\u00e9rience en magasin, renforcez le lien avec votre audience et atteignez votre plein potentiel. Nos solutions d\u2019affichage dynamique sont sp\u00e9cialement con\u00e7ues pour le commerce de d\u00e9tail, afin de s\u2019adapter parfaitement \u00e0 vos besoins uniques.<\/p>\n\n\t\t<\/div>\n\t<\/div>\n\n\t<div class=\"wpb_text_column wpb_content_element  check-list\" >\n\t\t<div class=\"wpb_wrapper\">\n\t\t\t<h2><section id=\"custom_html-19\"><div class=\"textwidget custom-html-widget\"><div class=\"request-widget lozad\" data-background-image=\"https:\/\/navori.com\/wp-content\/uploads\/2023\/12\/yellow_cta_bg-scaled.webp\">\r\n\t<div>\r\n\t<div style=\"font-weight: bold; font-size: 24px;\">Un projet en t\u00eate ? Contactez nos experts !<\/div>\r\n\t\t<\/div>\r\n\t<div class=\"form\">\r\n\t\t<div class=\"btn\">\r\n\t\t\t<a href=\"\/fr\/contact\/\" id=\"CTA-Contact\">Prendre contact<\/a>\r\n\t\t<\/div>\r\n\t<\/div>\r\n<\/div><\/div><\/section><\/h2>\n\n\t\t<\/div>\n\t<\/div>\n<\/div><\/div><\/div><\/div><\/section>","protected":false},"excerpt":{"rendered":"Enhancing Retail Success with Retail Digital Signage In today's retail landscape, success hinges on understanding evolving trends and navigating potential challenges. Navori software acts as an invaluable ally for modern retailers, enhancing store displays and streamlining content management across multiple locations with retail digital signage. However, achieving retail success requires awareness of common challenges. Customer [...]","protected":false},"author":1,"featured_media":59043,"parent":0,"menu_order":4,"comment_status":"closed","ping_status":"closed","template":"industry.php","meta":{"inline_featured_image":false,"footnotes":""},"class_list":["post-58981","page","type-page","status-publish","hentry"],"yoast_head":"<!-- This site is optimized with the Yoast SEO Premium plugin v24.1 (Yoast SEO v27.2) - https:\/\/yoast.com\/product\/yoast-seo-premium-wordpress\/ -->\n<title>Top Retail Digital Signage Solutions | Navori<\/title>\n<meta name=\"description\" content=\"Navori&#039;s digital signage for retail, grocery stores, and supermarkets drives sales while enhancing customer experiences. Discover our retail digital signage solutions.\" \/>\n<meta name=\"robots\" content=\"noindex, nofollow\" \/>\n<meta property=\"og:locale\" content=\"fr_FR\" \/>\n<meta property=\"og:type\" content=\"article\" \/>\n<meta property=\"og:title\" content=\"Stay Ahead with Navori&#039;s Retail Digital Signage Solution\" \/>\n<meta property=\"og:description\" content=\"Navori&#039;s digital signage for retail, grocery stores, and supermarkets drives sales while enhancing customer experiences. Discover our retail digital signage solutions.\" \/>\n<meta property=\"og:url\" content=\"https:\/\/staging2.navori.com\/fr\/retail-lp\/\" \/>\n<meta property=\"og:site_name\" content=\"Navori Labs\" \/>\n<meta property=\"article:publisher\" content=\"https:\/\/www.facebook.com\/NavoriLabs\" \/>\n<meta property=\"article:modified_time\" content=\"2024-10-30T08:55:27+00:00\" \/>\n<meta property=\"og:image\" content=\"https:\/\/staging2.navori.com\/wp-content\/uploads\/2024\/08\/retail-ds-scaled.webp\" \/>\n\t<meta property=\"og:image:width\" content=\"2560\" \/>\n\t<meta property=\"og:image:height\" content=\"1480\" \/>\n\t<meta property=\"og:image:type\" content=\"image\/webp\" \/>\n<meta name=\"twitter:card\" content=\"summary_large_image\" \/>\n<meta name=\"twitter:site\" content=\"@navori\" \/>\n<meta name=\"twitter:label1\" content=\"Dur\u00e9e de lecture estim\u00e9e\" \/>\n\t<meta name=\"twitter:data1\" content=\"5 minutes\" \/>\n<script type=\"application\/ld+json\" class=\"yoast-schema-graph\">{\"@context\":\"https:\/\/schema.org\",\"@graph\":[{\"@type\":\"Article\",\"@id\":\"https:\/\/staging2.navori.com\/retail-lp\/#article\",\"isPartOf\":{\"@id\":\"https:\/\/staging2.navori.com\/retail-lp\/\"},\"author\":{\"name\":\"navoriwebman1\",\"@id\":\"https:\/\/staging2.navori.com\/#\/schema\/person\/3de28eca2f1bad61c026c3bfcbedc0d0\"},\"headline\":\"Stay Ahead with Navori&#8217;s Retail Digital Signage Solution\",\"datePublished\":\"2024-08-09T13:08:01+00:00\",\"dateModified\":\"2024-10-30T08:55:27+00:00\",\"mainEntityOfPage\":{\"@id\":\"https:\/\/staging2.navori.com\/retail-lp\/\"},\"wordCount\":950,\"publisher\":{\"@id\":\"https:\/\/staging2.navori.com\/#organization\"},\"image\":{\"@id\":\"https:\/\/staging2.navori.com\/retail-lp\/#primaryimage\"},\"thumbnailUrl\":\"https:\/\/staging2.navori.com\/wp-content\/uploads\/2024\/08\/retail-ds-scaled.webp\",\"inLanguage\":\"fr-FR\"},{\"@type\":\"WebPage\",\"@id\":\"https:\/\/staging2.navori.com\/retail-lp\/\",\"url\":\"https:\/\/staging2.navori.com\/retail-lp\/\",\"name\":\"Top Retail Digital Signage Solutions | Navori\",\"isPartOf\":{\"@id\":\"https:\/\/staging2.navori.com\/#website\"},\"primaryImageOfPage\":{\"@id\":\"https:\/\/staging2.navori.com\/retail-lp\/#primaryimage\"},\"image\":{\"@id\":\"https:\/\/staging2.navori.com\/retail-lp\/#primaryimage\"},\"thumbnailUrl\":\"https:\/\/staging2.navori.com\/wp-content\/uploads\/2024\/08\/retail-ds-scaled.webp\",\"datePublished\":\"2024-08-09T13:08:01+00:00\",\"dateModified\":\"2024-10-30T08:55:27+00:00\",\"description\":\"Navori's digital signage for retail, grocery stores, and supermarkets drives sales while enhancing customer experiences. Discover our retail digital signage solutions.\",\"breadcrumb\":{\"@id\":\"https:\/\/staging2.navori.com\/retail-lp\/#breadcrumb\"},\"inLanguage\":\"fr-FR\",\"potentialAction\":[{\"@type\":\"ReadAction\",\"target\":[\"https:\/\/staging2.navori.com\/retail-lp\/\"]}],\"relatedLink\":[\"https:\/\/navori.com\/single-screen\/\",\"https:\/\/navori.com\/app\/interactivity\/\",\"\/app\/\",\"https:\/\/navori.com\/how-does-digital-signage-work\/\"]},{\"@type\":\"ImageObject\",\"inLanguage\":\"fr-FR\",\"@id\":\"https:\/\/staging2.navori.com\/retail-lp\/#primaryimage\",\"url\":\"https:\/\/staging2.navori.com\/wp-content\/uploads\/2024\/08\/retail-ds-scaled.webp\",\"contentUrl\":\"https:\/\/staging2.navori.com\/wp-content\/uploads\/2024\/08\/retail-ds-scaled.webp\",\"width\":2560,\"height\":1480,\"caption\":\"Digital signage in a retail store\"},{\"@type\":\"BreadcrumbList\",\"@id\":\"https:\/\/staging2.navori.com\/retail-lp\/#breadcrumb\",\"itemListElement\":[{\"@type\":\"ListItem\",\"position\":1,\"name\":\"Home\",\"item\":\"https:\/\/staging2.navori.com\/\"},{\"@type\":\"ListItem\",\"position\":2,\"name\":\"Stay Ahead with Navori&#8217;s Retail Digital Signage Solution\"}]},{\"@type\":\"WebSite\",\"@id\":\"https:\/\/staging2.navori.com\/#website\",\"url\":\"https:\/\/staging2.navori.com\/\",\"name\":\"Navori Labs\",\"description\":\"\",\"publisher\":{\"@id\":\"https:\/\/staging2.navori.com\/#organization\"},\"potentialAction\":[{\"@type\":\"SearchAction\",\"target\":{\"@type\":\"EntryPoint\",\"urlTemplate\":\"https:\/\/staging2.navori.com\/?s={search_term_string}\"},\"query-input\":{\"@type\":\"PropertyValueSpecification\",\"valueRequired\":true,\"valueName\":\"search_term_string\"}}],\"inLanguage\":\"fr-FR\"},{\"@type\":\"Organization\",\"@id\":\"https:\/\/staging2.navori.com\/#organization\",\"name\":\"Navori Labs\",\"url\":\"https:\/\/staging2.navori.com\/\",\"logo\":{\"@type\":\"ImageObject\",\"inLanguage\":\"fr-FR\",\"@id\":\"https:\/\/staging2.navori.com\/#\/schema\/logo\/image\/\",\"url\":\"https:\/\/staging2.navori.com\/wp-content\/uploads\/2024\/04\/NAVORI-logo.svg\",\"contentUrl\":\"https:\/\/staging2.navori.com\/wp-content\/uploads\/2024\/04\/NAVORI-logo.svg\",\"width\":120,\"height\":19,\"caption\":\"Navori Labs\"},\"image\":{\"@id\":\"https:\/\/staging2.navori.com\/#\/schema\/logo\/image\/\"},\"sameAs\":[\"https:\/\/www.facebook.com\/NavoriLabs\",\"https:\/\/x.com\/navori\",\"https:\/\/www.instagram.com\/navorilabs\",\"https:\/\/www.linkedin.com\/company\/navori-sa\",\"https:\/\/www.youtube.com\/user\/NavoriQL\"]},{\"@type\":\"Person\",\"@id\":\"https:\/\/staging2.navori.com\/#\/schema\/person\/3de28eca2f1bad61c026c3bfcbedc0d0\",\"name\":\"navoriwebman1\",\"image\":{\"@type\":\"ImageObject\",\"inLanguage\":\"fr-FR\",\"@id\":\"https:\/\/secure.gravatar.com\/avatar\/7b547b91e1c1c1bbaf0c28a3b85ef79f28f971c49b2650159ba15d821147fcde?s=96&d=mm&r=g\",\"url\":\"https:\/\/secure.gravatar.com\/avatar\/7b547b91e1c1c1bbaf0c28a3b85ef79f28f971c49b2650159ba15d821147fcde?s=96&d=mm&r=g\",\"contentUrl\":\"https:\/\/secure.gravatar.com\/avatar\/7b547b91e1c1c1bbaf0c28a3b85ef79f28f971c49b2650159ba15d821147fcde?s=96&d=mm&r=g\",\"caption\":\"navoriwebman1\"},\"sameAs\":[\"https:\/\/navori.com\"],\"url\":\"https:\/\/staging2.navori.com\/fr\/author\/navoriwebman1\/\"}]}<\/script>\n<!-- \/ Yoast SEO Premium plugin. -->","yoast_head_json":{"title":"Top Retail Digital Signage Solutions | Navori","description":"Navori's digital signage for retail, grocery stores, and supermarkets drives sales while enhancing customer experiences. Discover our retail digital signage solutions.","robots":{"index":"noindex","follow":"nofollow"},"og_locale":"fr_FR","og_type":"article","og_title":"Stay Ahead with Navori's Retail Digital Signage Solution","og_description":"Navori's digital signage for retail, grocery stores, and supermarkets drives sales while enhancing customer experiences. Discover our retail digital signage solutions.","og_url":"https:\/\/staging2.navori.com\/fr\/retail-lp\/","og_site_name":"Navori Labs","article_publisher":"https:\/\/www.facebook.com\/NavoriLabs","article_modified_time":"2024-10-30T08:55:27+00:00","og_image":[{"width":2560,"height":1480,"url":"https:\/\/staging2.navori.com\/wp-content\/uploads\/2024\/08\/retail-ds-scaled.webp","type":"image\/webp"}],"twitter_card":"summary_large_image","twitter_site":"@navori","twitter_misc":{"Dur\u00e9e de lecture estim\u00e9e":"5 minutes"},"schema":{"@context":"https:\/\/schema.org","@graph":[{"@type":"Article","@id":"https:\/\/staging2.navori.com\/retail-lp\/#article","isPartOf":{"@id":"https:\/\/staging2.navori.com\/retail-lp\/"},"author":{"name":"navoriwebman1","@id":"https:\/\/staging2.navori.com\/#\/schema\/person\/3de28eca2f1bad61c026c3bfcbedc0d0"},"headline":"Stay Ahead with Navori&#8217;s Retail Digital Signage Solution","datePublished":"2024-08-09T13:08:01+00:00","dateModified":"2024-10-30T08:55:27+00:00","mainEntityOfPage":{"@id":"https:\/\/staging2.navori.com\/retail-lp\/"},"wordCount":950,"publisher":{"@id":"https:\/\/staging2.navori.com\/#organization"},"image":{"@id":"https:\/\/staging2.navori.com\/retail-lp\/#primaryimage"},"thumbnailUrl":"https:\/\/staging2.navori.com\/wp-content\/uploads\/2024\/08\/retail-ds-scaled.webp","inLanguage":"fr-FR"},{"@type":"WebPage","@id":"https:\/\/staging2.navori.com\/retail-lp\/","url":"https:\/\/staging2.navori.com\/retail-lp\/","name":"Top Retail Digital Signage Solutions | Navori","isPartOf":{"@id":"https:\/\/staging2.navori.com\/#website"},"primaryImageOfPage":{"@id":"https:\/\/staging2.navori.com\/retail-lp\/#primaryimage"},"image":{"@id":"https:\/\/staging2.navori.com\/retail-lp\/#primaryimage"},"thumbnailUrl":"https:\/\/staging2.navori.com\/wp-content\/uploads\/2024\/08\/retail-ds-scaled.webp","datePublished":"2024-08-09T13:08:01+00:00","dateModified":"2024-10-30T08:55:27+00:00","description":"Navori's digital signage for retail, grocery stores, and supermarkets drives sales while enhancing customer experiences. Discover our retail digital signage solutions.","breadcrumb":{"@id":"https:\/\/staging2.navori.com\/retail-lp\/#breadcrumb"},"inLanguage":"fr-FR","potentialAction":[{"@type":"ReadAction","target":["https:\/\/staging2.navori.com\/retail-lp\/"]}],"relatedLink":["https:\/\/navori.com\/single-screen\/","https:\/\/navori.com\/app\/interactivity\/","\/app\/","https:\/\/navori.com\/how-does-digital-signage-work\/"]},{"@type":"ImageObject","inLanguage":"fr-FR","@id":"https:\/\/staging2.navori.com\/retail-lp\/#primaryimage","url":"https:\/\/staging2.navori.com\/wp-content\/uploads\/2024\/08\/retail-ds-scaled.webp","contentUrl":"https:\/\/staging2.navori.com\/wp-content\/uploads\/2024\/08\/retail-ds-scaled.webp","width":2560,"height":1480,"caption":"Digital signage in a retail store"},{"@type":"BreadcrumbList","@id":"https:\/\/staging2.navori.com\/retail-lp\/#breadcrumb","itemListElement":[{"@type":"ListItem","position":1,"name":"Home","item":"https:\/\/staging2.navori.com\/"},{"@type":"ListItem","position":2,"name":"Stay Ahead with Navori&#8217;s Retail Digital Signage Solution"}]},{"@type":"WebSite","@id":"https:\/\/staging2.navori.com\/#website","url":"https:\/\/staging2.navori.com\/","name":"Navori Labs","description":"","publisher":{"@id":"https:\/\/staging2.navori.com\/#organization"},"potentialAction":[{"@type":"SearchAction","target":{"@type":"EntryPoint","urlTemplate":"https:\/\/staging2.navori.com\/?s={search_term_string}"},"query-input":{"@type":"PropertyValueSpecification","valueRequired":true,"valueName":"search_term_string"}}],"inLanguage":"fr-FR"},{"@type":"Organization","@id":"https:\/\/staging2.navori.com\/#organization","name":"Navori Labs","url":"https:\/\/staging2.navori.com\/","logo":{"@type":"ImageObject","inLanguage":"fr-FR","@id":"https:\/\/staging2.navori.com\/#\/schema\/logo\/image\/","url":"https:\/\/staging2.navori.com\/wp-content\/uploads\/2024\/04\/NAVORI-logo.svg","contentUrl":"https:\/\/staging2.navori.com\/wp-content\/uploads\/2024\/04\/NAVORI-logo.svg","width":120,"height":19,"caption":"Navori Labs"},"image":{"@id":"https:\/\/staging2.navori.com\/#\/schema\/logo\/image\/"},"sameAs":["https:\/\/www.facebook.com\/NavoriLabs","https:\/\/x.com\/navori","https:\/\/www.instagram.com\/navorilabs","https:\/\/www.linkedin.com\/company\/navori-sa","https:\/\/www.youtube.com\/user\/NavoriQL"]},{"@type":"Person","@id":"https:\/\/staging2.navori.com\/#\/schema\/person\/3de28eca2f1bad61c026c3bfcbedc0d0","name":"navoriwebman1","image":{"@type":"ImageObject","inLanguage":"fr-FR","@id":"https:\/\/secure.gravatar.com\/avatar\/7b547b91e1c1c1bbaf0c28a3b85ef79f28f971c49b2650159ba15d821147fcde?s=96&d=mm&r=g","url":"https:\/\/secure.gravatar.com\/avatar\/7b547b91e1c1c1bbaf0c28a3b85ef79f28f971c49b2650159ba15d821147fcde?s=96&d=mm&r=g","contentUrl":"https:\/\/secure.gravatar.com\/avatar\/7b547b91e1c1c1bbaf0c28a3b85ef79f28f971c49b2650159ba15d821147fcde?s=96&d=mm&r=g","caption":"navoriwebman1"},"sameAs":["https:\/\/navori.com"],"url":"https:\/\/staging2.navori.com\/fr\/author\/navoriwebman1\/"}]}},"_links":{"self":[{"href":"https:\/\/staging2.navori.com\/fr\/wp-json\/wp\/v2\/pages\/58981","targetHints":{"allow":["GET"]}}],"collection":[{"href":"https:\/\/staging2.navori.com\/fr\/wp-json\/wp\/v2\/pages"}],"about":[{"href":"https:\/\/staging2.navori.com\/fr\/wp-json\/wp\/v2\/types\/page"}],"author":[{"embeddable":true,"href":"https:\/\/staging2.navori.com\/fr\/wp-json\/wp\/v2\/users\/1"}],"replies":[{"embeddable":true,"href":"https:\/\/staging2.navori.com\/fr\/wp-json\/wp\/v2\/comments?post=58981"}],"version-history":[{"count":0,"href":"https:\/\/staging2.navori.com\/fr\/wp-json\/wp\/v2\/pages\/58981\/revisions"}],"wp:featuredmedia":[{"embeddable":true,"href":"https:\/\/staging2.navori.com\/fr\/wp-json\/wp\/v2\/media\/59043"}],"wp:attachment":[{"href":"https:\/\/staging2.navori.com\/fr\/wp-json\/wp\/v2\/media?parent=58981"}],"curies":[{"name":"wp","href":"https:\/\/api.w.org\/{rel}","templated":true}]}}