{"id":59629,"date":"2024-09-23T08:20:58","date_gmt":"2024-09-23T08:20:58","guid":{"rendered":"https:\/\/staging2.navori.com\/?page_id=59629"},"modified":"2025-10-08T11:23:53","modified_gmt":"2025-10-08T11:23:53","slug":"software-versions","status":"publish","type":"page","link":"https:\/\/staging2.navori.com\/fr\/software-versions\/","title":{"rendered":"Navori Essential ou Professional Quelle version vous convient le mieux ?"},"content":{"rendered":"<section class=\"vc_section\"><div class=\"vc_row wpb_row vc_row-fluid software-version\"><div class=\"wpb_column vc_column_container vc_col-sm-12\"><div class=\"vc_column-inner\"><div class=\"wpb_wrapper\">\n\t<div class=\"wpb_text_column wpb_content_element  text-center\" >\n\t\t<div class=\"wpb_wrapper\">\n\t\t\t<h1>Navori Essentiel ou Professionnel<br \/>\nQuelle version vous convient le mieux ?<\/h1>\n\n\t\t<\/div>\n\t<\/div>\n\n\t<div class=\"wpb_text_column wpb_content_element\" >\n\t\t<div class=\"wpb_wrapper\">\n\t\t\t<div class=\"inner-desc\">Le logiciel Navori est une solution d\u2019affichage dynamique intuitive et multiplateforme con\u00e7ue pour les entreprises. Il est en outre propos\u00e9 en deux versions distinctes afin de r\u00e9pondre \u00e0 une grande vari\u00e9t\u00e9 de besoins.<\/div>\n\n\t\t<\/div>\n\t<\/div>\n<div class=\"vc_row wpb_row vc_inner vc_row-fluid backgradient\"><div class=\"wpb_column vc_column_container vc_col-sm-12\"><div class=\"vc_column-inner\"><div class=\"wpb_wrapper\">\n\t<div class=\"wpb_video_widget wpb_content_element vc_clearfix   vc_video-aspect-ratio-169 vc_video-el-width-100 vc_video-align-left\" >\n\t\t<div class=\"wpb_wrapper\">\n\t\t\t\n\t\t\t<div class=\"wpb_video_wrapper\"><iframe loading=\"lazy\" title=\"QL Essential ou QL Professional, quelle version vous convient le mieux ?\" width=\"500\" height=\"281\" src=\"https:\/\/www.youtube.com\/embed\/yvxzgdhkq0U?feature=oembed\" frameborder=\"0\" allow=\"accelerometer; autoplay; clipboard-write; encrypted-media; gyroscope; picture-in-picture; web-share\" referrerpolicy=\"strict-origin-when-cross-origin\" allowfullscreen><\/iframe><\/div>\n\t\t<\/div>\n\t<\/div>\n<\/div><\/div><\/div><\/div><div class=\"vc_row wpb_row vc_inner vc_row-fluid second-sec\"><div class=\"wpb_column vc_column_container vc_col-sm-12\"><div class=\"vc_column-inner\"><div class=\"wpb_wrapper\">\n\t<div class=\"wpb_text_column wpb_content_element\" >\n\t\t<div class=\"wpb_wrapper\">\n\t\t\t<p>Le choix de la version du logiciel Navori d\u00e9pend de vos besoins. Explorons les principales diff\u00e9rences et la comparaison des fonctionnalit\u00e9s entre <strong>Navori Essential<\/strong> et <strong>Professional<\/strong>afin de vous aider \u00e0 trouver la solution la mieux adapt\u00e9e \u00e0 vos objectifs en mati\u00e8re d\u2019affichage dynamique.<\/p>\n\n\t\t<\/div>\n\t<\/div>\n\n\t<div class=\"wpb_text_column wpb_content_element\" >\n\t\t<div class=\"wpb_wrapper\">\n\t\t\t<table>\n<tbody>\n<tr>\n<td width=\"312\">\n<h3><strong>Essential<\/strong><\/h3>\n<\/td>\n<td width=\"312\">\n<h3><strong>Professional<\/strong><\/h3>\n<\/td>\n<\/tr>\n<tr>\n<td style=\"text-align: left;\" width=\"312\">Con\u00e7ue pour la simplicit\u00e9 et la facilit\u00e9 d\u2019utilisation, cette version offre des capacit\u00e9s de planification de base, ainsi que des fonctionnalit\u00e9s de gestion de contenu et la prise en charge des lecteurs. Elle est parfaite pour les utilisateurs ayant des besoins d\u2019affichage dynamique simples et directs.<\/td>\n<td style=\"text-align: left;\" width=\"312\">Con\u00e7ue pour des sc\u00e9narios complexes et des projets de niveau entreprise, la version Professional offre des options avanc\u00e9es de planification, telles que la programmation multi-niveaux et le dayparting pour plusieurs playlists. Elle prend \u00e9galement en charge la gestion de playlists nationales, r\u00e9gionales et locales, ainsi que d\u2019autres fonctionnalit\u00e9s avanc\u00e9es. Elle est donc id\u00e9ale pour les utilisateurs ayant besoin de solutions d\u2019affichage dynamique compl\u00e8tes et performantes.<\/td>\n<\/tr>\n<\/tbody>\n<\/table>\n\n\t\t<\/div>\n\t<\/div>\n\n\t<div class=\"wpb_text_column wpb_content_element\" >\n\t\t<div class=\"wpb_wrapper\">\n\t\t\t<p><strong>Voici une comparaison des fonctionnalit\u00e9s disponibles dans les versions Essential et Professional :<\/strong><\/p>\n\n\t\t<\/div>\n\t<\/div>\n\n\t<div class=\"wpb_raw_code wpb_content_element wpb_raw_html\" >\n\t\t<div class=\"wpb_wrapper\">\n\t\t\t<table>\n  <thead>\n     <th>Caract\u00e9ristiques<\/th>  \n    <th>Essential<\/th>  \n    <th>Professional<\/th>  \n<\/thead>\n<tbody>\n  <tr>\n    <td>CMS bas\u00e9 sur le web (multitenant, utilisateurs illimit\u00e9s)<\/td>\n    <td><div class=\"check\"><\/div><\/td>\n    <td><div class=\"check\"><\/div><\/td>\n<\/tr>\n <tr>\n    <td>Gestion des domaines et des utilisateurs<\/td>\n    <td><div class=\"check\"><\/div><\/td>\n    <td><div class=\"check\"><\/div><\/td>\n<\/tr>\n <tr>\n    <td>Suivi de base des joueurs<\/td>\n    <td><div class=\"check\"><\/div><\/td>\n    <td><div class=\"check\"><\/div><\/td>\n<\/tr>\n <tr>\n    <td>Gestionnaire de flux de donn\u00e9es<\/td>\n    <td><div class=\"check\"><\/div><\/td>\n    <td><div class=\"check\"><\/div><\/td>\n<\/tr>\n <tr>\n    <td>Concepteur de mod\u00e8les<\/td>\n    <td><div class=\"check\"><\/div><\/td>\n    <td><div class=\"check\"><\/div><\/td>\n<\/tr>\n <tr>\n    <td>Gestionnaire de bandeau d\u00e9filant (ticker)<\/td>\n    <td><div class=\"dashed\"><\/div><\/td>\n    <td><div class=\"check\"><\/div><\/td>\n<\/tr>\n <tr>\n    <td>Possibilit\u00e9 d\u2019attribuer plusieurs playlists \u00e0 un m\u00eame groupe<\/td>\n    <td><div class=\"dashed\"><\/div><\/td>\n    <td><div class=\"check\"><\/div><\/td>\n<\/tr>\n <tr>\n    <td>Synchronisation multi-joueurs<\/td>\n    <td><div class=\"check\"><\/div><\/td>\n    <td><div class=\"check\"><\/div><\/td>\n<\/tr>\n <tr>\n    <td>Automatisation du contenu : lecture conditionnelle et triggers<\/td>\n    <td><div class=\"dashed\"><\/div><\/td>\n    <td><div class=\"check\"><\/div><\/td>\n<\/tr>\n <tr>\n    <td>Outil de gestion des campagnes publicitaires<\/td>\n    <td><div class=\"dashed\"><\/div><\/td>\n    <td><div class=\"check\"><\/div><\/td>\n<\/tr>\n <tr>\n    <td>Navori Mobile<\/td>\n    <td><div class=\"check\"><\/div><\/td>\n    <td><div class=\"check\"><\/div><\/td>\n<\/tr>\n <tr>\n    <td>Int\u00e9gration avec Aquaji Marketing Analytics bas\u00e9 sur la vision par ordinateur<\/td>\n    <td><div class=\"dashed\"><\/div><\/td>\n    <td><div class=\"check\"><\/div><\/td>\n<\/tr>\n<tr>\n    <td>Rapports de lecture et analyses<\/td>\n    <td><div class=\"dashed\"><\/div><\/td>\n    <td><div class=\"check\"><\/div><\/td>\n<\/tr>\n<tr>\n    <td>Authentification d'URL incluant PowerBI<\/td>\n    <td><div class=\"dashed\"><\/div><\/td>\n    <td><div class=\"check\"><\/div><\/td>\n<\/tr>\n<tr>\n    <td>API pour les d\u00e9veloppeurs<\/td>\n    <td><div class=\"dashed\"><\/div><\/td>\n    <td><div class=\"check\"><\/div><\/td>\n<\/tr>\n<\/tbody>\n<\/table>\n\t\t<\/div>\n\t<\/div>\n\n\t<div class=\"wpb_text_column wpb_content_element\" >\n\t\t<div class=\"wpb_wrapper\">\n\t\t\t<p>Les deux versions <strong>Essential<\/strong> et <strong>Professional<\/strong> du logiciel Navori offrent des options de d\u00e9ploiement flexibles, qu\u2019il s\u2019agisse d\u2019un mod\u00e8le SaaS bas\u00e9 sur le cloud ou d\u2019une installation auto-h\u00e9berg\u00e9e, permettant aux entreprises de choisir la configuration la mieux adapt\u00e9e \u00e0 leurs besoins. De plus, gr\u00e2ce \u00e0 la compatibilit\u00e9 universelle des lecteurs, les deux versions garantissent une int\u00e9gration et un fonctionnement fluides sur diff\u00e9rents mat\u00e9riels, faisant de Navori une solution polyvalente pour tout projet d\u2019affichage dynamique.<\/p>\n<p>Avez-vous pu choisir la version qui vous convient le mieux ?<\/p>\n\n\t\t<\/div>\n\t<\/div>\n\n\t<div class=\"wpb_text_column wpb_content_element\" >\n\t\t<div class=\"wpb_wrapper\">\n\t\t\t<section id=\"custom_html-3\"><div class=\"textwidget custom-html-widget\"><div class=\"request-widget lozad\" data-background-image=\"https:\/\/staging2.navori.com\/wp-content\/uploads\/2023\/12\/red-graident-cta-bg-scaled.webp\">\r\n\t<div>\r\n\t<div style=\"font-weight: bold; font-size: 24px;\">R\u00e9servez une d\u00e9mo et d\u00e9couvrez la puissance du logiciel d\u2019affichage dynamique de Navori ! <\/div>\r\n\t<\/div>\r\n\t<div class=\"form\">\r\n\t\t<div class=\"btn\">\r\n\t\t\t<a href=\"\/fr\/contact\/\" id=\"CTA-Request-Demo\">Commencer <\/a>\r\n\t\t<\/div>\r\n\t<\/div>\r\n<\/div><\/div><\/section>\n\n\t\t<\/div>\n\t<\/div>\n<div class=\"vc_separator wpb_content_element vc_separator_align_center vc_sep_width_100 vc_sep_pos_align_center vc_separator_no_text vc_sep_color_grey\" ><span class=\"vc_sep_holder vc_sep_holder_l\"><span  class=\"vc_sep_line\"><\/span><\/span><span class=\"vc_sep_holder vc_sep_holder_r\"><span  class=\"vc_sep_line\"><\/span><\/span>\n<\/div>\n\t<div class=\"wpb_raw_code wpb_content_element wpb_raw_html\" >\n\t\t<div class=\"wpb_wrapper\">\n\t\t\t  <div class=\"related-solution\">\n\t\t\t\t\t\t\t\t\t\t\t<div class=\"share-link\">\n\t\t\t\t\t\t\t\t\t\t\t\t<ol>\n\t\t\t\t\t\t\t\t\t\t\t\t\t\t\t\t\t\t\t\t\t\t\t\t\t\t<li>\t\t\t\t\t\t\t\t\t\t\t\t\t<button title=\"copier l&#039;url de la page\" type=\"button\" onclick=\"Copy();\"><img decoding=\"async\" src=\"\/wp-content\/uploads\/2023\/10\/copy-link.svg\" alt=\"Copy Url\" style=\"margin-right:8px\"\/>Copier le lien<\/button>\t\t\t\t\t\t\t\t\t\t<\/li>\n\t\t\t\t\t\t\t\t\t\t\t\t\t<li>\n\t\t\t\t\t\t\t\t\t\t\t\t\t\t<a href=\"https:\/\/twitter.com\/share?url=https:\/\/staging2.navori.com\/blog\/what-is-a-digital-signage-solutions\/&amp;text=The Benefits of Digital Signage Solutions for Modern Businesses\" title=\"partager la page sur twitter\" target=\"_blank\">\n\t\t\t\t\t\t\t\t\t\t\t\t\t\t\t<img decoding=\"async\" src=\"\/wp-content\/uploads\/2023\/10\/twitter-share.svg\" alt=\"Twitter\">\n\t\t\t\t\t\t\t\t\t\t\t\t\t\t<\/a>\n\t\t\t\t\t\t\t\t\t\t\t\t\t<\/li>\n\t\t\t\t\t\t\t\t\t\t\t\t\t<li>\n\t\t\t\t\t\t\t\t\t\t\t\t\t\t<a href=\"https:\/\/www.facebook.com\/sharer.php?u=https:\/\/staging2.navori.com\/blog\/what-is-a-digital-signage-solutions\/\" title=\"partager la page sur facebook\" target=\"_blank\">\n\t\t\t\t\t\t\t\t\t\t\t\t\t\t\t<img decoding=\"async\" src=\"\/wp-content\/uploads\/2023\/10\/facebook-share.svg\" alt=\"facebook\">\n\t\t\t\t\t\t\t\t\t\t\t\t\t\t<\/a>\n\t\t\t\t\t\t\t\t\t\t\t\t\t<\/li>\n\t\t\t\t\t\t\t\t\t\t\t\t\t<li>\n\t\t\t\t\t\t\t\t\t\t\t\t\t\t<a href=\"https:\/\/www.linkedin.com\/sharing\/share-offsite\/?url=https:\/\/staging2.navori.com\/blog\/what-is-a-digital-signage-solutions\/\" title=\"partager la page sur linkedin\" target=\"_blank\">\n\t\t\t\t\t\t\t\t\t\t\t\t\t\t\t<img decoding=\"async\" src=\"\/wp-content\/uploads\/2023\/10\/linkedin-share.svg\" alt=\"Linkedin\">\n\t\t\t\t\t\t\t\t\t\t\t\t\t\t<\/a>\n\t\t\t\t\t\t\t\t\t\t\t\t\t<\/li>\n\t\t\t\t\t\t\t\t\t\t\t\t<\/ol><\/div><\/div>\n\t\t<\/div>\n\t<\/div>\n<\/div><\/div><\/div><\/div><\/div><\/div><\/div><\/div><\/section>","protected":false},"excerpt":{"rendered":"Navori Essential or Professional Which version is right for you? Navori Software is an intuitive, multi-platform digital signage solution designed for businesses. Moreover, it is available in two distinct versions, ensuring it meets diverse needs. Choosing the right Navori software version depends on your needs. Let\u2019s explore the key differences and feature comparisons between Navori [...]","protected":false},"author":1,"featured_media":0,"parent":0,"menu_order":0,"comment_status":"closed","ping_status":"closed","template":"","meta":{"inline_featured_image":false,"footnotes":""},"class_list":["post-59629","page","type-page","status-publish","hentry"],"yoast_head":"<!-- This site is optimized with the Yoast SEO Premium plugin v24.1 (Yoast SEO v27.2) - https:\/\/yoast.com\/product\/yoast-seo-premium-wordpress\/ -->\n<title>Navori Digital Signage: Essential vs Professional<\/title>\n<meta name=\"description\" content=\"Compare Navori Essential and Professional. Choose the right digital signage software for your features, automation, and content needs.\" \/>\n<meta name=\"robots\" content=\"index, follow, max-snippet:-1, max-image-preview:large, max-video-preview:-1\" \/>\n<link rel=\"canonical\" href=\"https:\/\/staging2.navori.com\/fr\/software-versions\/\" \/>\n<meta property=\"og:locale\" content=\"fr_FR\" \/>\n<meta property=\"og:type\" content=\"article\" \/>\n<meta property=\"og:title\" content=\"Navori Essential or Professional Which version is right for you?\" \/>\n<meta property=\"og:description\" content=\"Compare Navori Essential and Professional. Choose the right digital signage software for your features, automation, and content needs.\" \/>\n<meta property=\"og:url\" content=\"https:\/\/staging2.navori.com\/fr\/software-versions\/\" \/>\n<meta property=\"og:site_name\" content=\"Navori Labs\" \/>\n<meta property=\"article:publisher\" content=\"https:\/\/www.facebook.com\/NavoriLabs\" \/>\n<meta property=\"article:modified_time\" content=\"2025-10-08T11:23:53+00:00\" \/>\n<meta name=\"twitter:card\" content=\"summary_large_image\" \/>\n<meta name=\"twitter:site\" content=\"@navori\" \/>\n<meta name=\"twitter:label1\" content=\"Dur\u00e9e de lecture estim\u00e9e\" \/>\n\t<meta name=\"twitter:data1\" content=\"2 minutes\" \/>\n<script type=\"application\/ld+json\" class=\"yoast-schema-graph\">{\"@context\":\"https:\/\/schema.org\",\"@graph\":[{\"@type\":\"Article\",\"@id\":\"https:\/\/staging2.navori.com\/software-versions\/#article\",\"isPartOf\":{\"@id\":\"https:\/\/staging2.navori.com\/software-versions\/\"},\"author\":{\"name\":\"navoriwebman1\",\"@id\":\"https:\/\/staging2.navori.com\/#\/schema\/person\/3de28eca2f1bad61c026c3bfcbedc0d0\"},\"headline\":\"Navori Essential or Professional Which version is right for you?\",\"datePublished\":\"2024-09-23T08:20:58+00:00\",\"dateModified\":\"2025-10-08T11:23:53+00:00\",\"mainEntityOfPage\":{\"@id\":\"https:\/\/staging2.navori.com\/software-versions\/\"},\"wordCount\":985,\"publisher\":{\"@id\":\"https:\/\/staging2.navori.com\/#organization\"},\"inLanguage\":\"fr-FR\"},{\"@type\":\"WebPage\",\"@id\":\"https:\/\/staging2.navori.com\/software-versions\/\",\"url\":\"https:\/\/staging2.navori.com\/software-versions\/\",\"name\":\"Navori Digital Signage: Essential vs Professional\",\"isPartOf\":{\"@id\":\"https:\/\/staging2.navori.com\/#website\"},\"datePublished\":\"2024-09-23T08:20:58+00:00\",\"dateModified\":\"2025-10-08T11:23:53+00:00\",\"description\":\"Compare Navori Essential and Professional. Choose the right digital signage software for your features, automation, and content needs.\",\"breadcrumb\":{\"@id\":\"https:\/\/staging2.navori.com\/software-versions\/#breadcrumb\"},\"inLanguage\":\"fr-FR\",\"potentialAction\":[{\"@type\":\"ReadAction\",\"target\":[\"https:\/\/staging2.navori.com\/software-versions\/\"]}]},{\"@type\":\"BreadcrumbList\",\"@id\":\"https:\/\/staging2.navori.com\/software-versions\/#breadcrumb\",\"itemListElement\":[{\"@type\":\"ListItem\",\"position\":1,\"name\":\"Home\",\"item\":\"https:\/\/staging2.navori.com\/\"},{\"@type\":\"ListItem\",\"position\":2,\"name\":\"Navori Essential or Professional Which version is right for you?\"}]},{\"@type\":\"WebSite\",\"@id\":\"https:\/\/staging2.navori.com\/#website\",\"url\":\"https:\/\/staging2.navori.com\/\",\"name\":\"Navori Labs\",\"description\":\"\",\"publisher\":{\"@id\":\"https:\/\/staging2.navori.com\/#organization\"},\"potentialAction\":[{\"@type\":\"SearchAction\",\"target\":{\"@type\":\"EntryPoint\",\"urlTemplate\":\"https:\/\/staging2.navori.com\/?s={search_term_string}\"},\"query-input\":{\"@type\":\"PropertyValueSpecification\",\"valueRequired\":true,\"valueName\":\"search_term_string\"}}],\"inLanguage\":\"fr-FR\"},{\"@type\":\"Organization\",\"@id\":\"https:\/\/staging2.navori.com\/#organization\",\"name\":\"Navori Labs\",\"url\":\"https:\/\/staging2.navori.com\/\",\"logo\":{\"@type\":\"ImageObject\",\"inLanguage\":\"fr-FR\",\"@id\":\"https:\/\/staging2.navori.com\/#\/schema\/logo\/image\/\",\"url\":\"https:\/\/staging2.navori.com\/wp-content\/uploads\/2024\/04\/NAVORI-logo.svg\",\"contentUrl\":\"https:\/\/staging2.navori.com\/wp-content\/uploads\/2024\/04\/NAVORI-logo.svg\",\"width\":120,\"height\":19,\"caption\":\"Navori Labs\"},\"image\":{\"@id\":\"https:\/\/staging2.navori.com\/#\/schema\/logo\/image\/\"},\"sameAs\":[\"https:\/\/www.facebook.com\/NavoriLabs\",\"https:\/\/x.com\/navori\",\"https:\/\/www.instagram.com\/navorilabs\",\"https:\/\/www.linkedin.com\/company\/navori-sa\",\"https:\/\/www.youtube.com\/user\/NavoriQL\"]},{\"@type\":\"Person\",\"@id\":\"https:\/\/staging2.navori.com\/#\/schema\/person\/3de28eca2f1bad61c026c3bfcbedc0d0\",\"name\":\"navoriwebman1\",\"image\":{\"@type\":\"ImageObject\",\"inLanguage\":\"fr-FR\",\"@id\":\"https:\/\/secure.gravatar.com\/avatar\/7b547b91e1c1c1bbaf0c28a3b85ef79f28f971c49b2650159ba15d821147fcde?s=96&d=mm&r=g\",\"url\":\"https:\/\/secure.gravatar.com\/avatar\/7b547b91e1c1c1bbaf0c28a3b85ef79f28f971c49b2650159ba15d821147fcde?s=96&d=mm&r=g\",\"contentUrl\":\"https:\/\/secure.gravatar.com\/avatar\/7b547b91e1c1c1bbaf0c28a3b85ef79f28f971c49b2650159ba15d821147fcde?s=96&d=mm&r=g\",\"caption\":\"navoriwebman1\"},\"sameAs\":[\"https:\/\/navori.com\"],\"url\":\"https:\/\/staging2.navori.com\/fr\/author\/navoriwebman1\/\"}]}<\/script>\n<!-- \/ Yoast SEO Premium plugin. -->","yoast_head_json":{"title":"Affichage dynamique Navori : Essentiel ou professionnel","description":"Comparez Navori Essential et Professional. Choisissez le logiciel d'affichage dynamique qui correspond \u00e0 vos besoins en termes de fonctionnalit\u00e9s, d'automatisation et de contenu.","robots":{"index":"index","follow":"follow","max-snippet":"max-snippet:-1","max-image-preview":"max-image-preview:large","max-video-preview":"max-video-preview:-1"},"canonical":"https:\/\/staging2.navori.com\/fr\/software-versions\/","og_locale":"fr_FR","og_type":"article","og_title":"Navori Essential or Professional Which version is right for you?","og_description":"Compare Navori Essential and Professional. Choose the right digital signage software for your features, automation, and content needs.","og_url":"https:\/\/staging2.navori.com\/fr\/software-versions\/","og_site_name":"Navori Labs","article_publisher":"https:\/\/www.facebook.com\/NavoriLabs","article_modified_time":"2025-10-08T11:23:53+00:00","twitter_card":"summary_large_image","twitter_site":"@navori","twitter_misc":{"Dur\u00e9e de lecture estim\u00e9e":"2 minutes"},"schema":{"@context":"https:\/\/schema.org","@graph":[{"@type":"Article","@id":"https:\/\/staging2.navori.com\/software-versions\/#article","isPartOf":{"@id":"https:\/\/staging2.navori.com\/software-versions\/"},"author":{"name":"navoriwebman1","@id":"https:\/\/staging2.navori.com\/#\/schema\/person\/3de28eca2f1bad61c026c3bfcbedc0d0"},"headline":"Navori Essential or Professional Which version is right for you?","datePublished":"2024-09-23T08:20:58+00:00","dateModified":"2025-10-08T11:23:53+00:00","mainEntityOfPage":{"@id":"https:\/\/staging2.navori.com\/software-versions\/"},"wordCount":985,"publisher":{"@id":"https:\/\/staging2.navori.com\/#organization"},"inLanguage":"fr-FR"},{"@type":"WebPage","@id":"https:\/\/staging2.navori.com\/software-versions\/","url":"https:\/\/staging2.navori.com\/software-versions\/","name":"Affichage dynamique Navori : Essentiel ou professionnel","isPartOf":{"@id":"https:\/\/staging2.navori.com\/#website"},"datePublished":"2024-09-23T08:20:58+00:00","dateModified":"2025-10-08T11:23:53+00:00","description":"Comparez Navori Essential et Professional. Choisissez le logiciel d'affichage dynamique qui correspond \u00e0 vos besoins en termes de fonctionnalit\u00e9s, d'automatisation et de contenu.","breadcrumb":{"@id":"https:\/\/staging2.navori.com\/software-versions\/#breadcrumb"},"inLanguage":"fr-FR","potentialAction":[{"@type":"ReadAction","target":["https:\/\/staging2.navori.com\/software-versions\/"]}]},{"@type":"BreadcrumbList","@id":"https:\/\/staging2.navori.com\/software-versions\/#breadcrumb","itemListElement":[{"@type":"ListItem","position":1,"name":"Home","item":"https:\/\/staging2.navori.com\/"},{"@type":"ListItem","position":2,"name":"Navori Essential or Professional Which version is right for you?"}]},{"@type":"WebSite","@id":"https:\/\/staging2.navori.com\/#website","url":"https:\/\/staging2.navori.com\/","name":"Navori Labs","description":"","publisher":{"@id":"https:\/\/staging2.navori.com\/#organization"},"potentialAction":[{"@type":"SearchAction","target":{"@type":"EntryPoint","urlTemplate":"https:\/\/staging2.navori.com\/?s={search_term_string}"},"query-input":{"@type":"PropertyValueSpecification","valueRequired":true,"valueName":"search_term_string"}}],"inLanguage":"fr-FR"},{"@type":"Organization","@id":"https:\/\/staging2.navori.com\/#organization","name":"Navori Labs","url":"https:\/\/staging2.navori.com\/","logo":{"@type":"ImageObject","inLanguage":"fr-FR","@id":"https:\/\/staging2.navori.com\/#\/schema\/logo\/image\/","url":"https:\/\/staging2.navori.com\/wp-content\/uploads\/2024\/04\/NAVORI-logo.svg","contentUrl":"https:\/\/staging2.navori.com\/wp-content\/uploads\/2024\/04\/NAVORI-logo.svg","width":120,"height":19,"caption":"Navori Labs"},"image":{"@id":"https:\/\/staging2.navori.com\/#\/schema\/logo\/image\/"},"sameAs":["https:\/\/www.facebook.com\/NavoriLabs","https:\/\/x.com\/navori","https:\/\/www.instagram.com\/navorilabs","https:\/\/www.linkedin.com\/company\/navori-sa","https:\/\/www.youtube.com\/user\/NavoriQL"]},{"@type":"Person","@id":"https:\/\/staging2.navori.com\/#\/schema\/person\/3de28eca2f1bad61c026c3bfcbedc0d0","name":"navoriwebman1","image":{"@type":"ImageObject","inLanguage":"fr-FR","@id":"https:\/\/secure.gravatar.com\/avatar\/7b547b91e1c1c1bbaf0c28a3b85ef79f28f971c49b2650159ba15d821147fcde?s=96&d=mm&r=g","url":"https:\/\/secure.gravatar.com\/avatar\/7b547b91e1c1c1bbaf0c28a3b85ef79f28f971c49b2650159ba15d821147fcde?s=96&d=mm&r=g","contentUrl":"https:\/\/secure.gravatar.com\/avatar\/7b547b91e1c1c1bbaf0c28a3b85ef79f28f971c49b2650159ba15d821147fcde?s=96&d=mm&r=g","caption":"navoriwebman1"},"sameAs":["https:\/\/navori.com"],"url":"https:\/\/staging2.navori.com\/fr\/author\/navoriwebman1\/"}]}},"_links":{"self":[{"href":"https:\/\/staging2.navori.com\/fr\/wp-json\/wp\/v2\/pages\/59629","targetHints":{"allow":["GET"]}}],"collection":[{"href":"https:\/\/staging2.navori.com\/fr\/wp-json\/wp\/v2\/pages"}],"about":[{"href":"https:\/\/staging2.navori.com\/fr\/wp-json\/wp\/v2\/types\/page"}],"author":[{"embeddable":true,"href":"https:\/\/staging2.navori.com\/fr\/wp-json\/wp\/v2\/users\/1"}],"replies":[{"embeddable":true,"href":"https:\/\/staging2.navori.com\/fr\/wp-json\/wp\/v2\/comments?post=59629"}],"version-history":[{"count":0,"href":"https:\/\/staging2.navori.com\/fr\/wp-json\/wp\/v2\/pages\/59629\/revisions"}],"wp:attachment":[{"href":"https:\/\/staging2.navori.com\/fr\/wp-json\/wp\/v2\/media?parent=59629"}],"curies":[{"name":"wp","href":"https:\/\/api.w.org\/{rel}","templated":true}]}}