{"id":60885,"date":"2025-06-11T13:34:18","date_gmt":"2025-06-11T13:34:18","guid":{"rendered":"https:\/\/staging2.navori.com\/?page_id=60885"},"modified":"2025-06-11T13:42:22","modified_gmt":"2025-06-11T13:42:22","slug":"demo-request-verified","status":"publish","type":"page","link":"https:\/\/staging2.navori.com\/fr\/demo-request-verified\/","title":{"rendered":"Demande de d\u00e9monstration v\u00e9rifi\u00e9e"},"content":{"rendered":"<section id=\"th-dn\" data-vc-full-width=\"true\" data-vc-full-width-init=\"false\" class=\"vc_section thankyou\"><div class=\"vc_row wpb_row vc_row-fluid\"><div class=\"wpb_column vc_column_container vc_col-sm-12\"><div class=\"vc_column-inner\"><div class=\"wpb_wrapper\">\n\t<div  class=\"wpb_single_image wpb_content_element vc_align_left\">\n\t\t\n\t\t<figure class=\"wpb_wrapper vc_figure\">\n\t\t\t<div class=\"vc_single_image-wrapper   vc_box_border_grey\"><img loading=\"lazy\" decoding=\"async\" width=\"37\" height=\"37\" src=\"https:\/\/staging2.navori.com\/wp-content\/uploads\/2024\/07\/arrow-icon.webp\" class=\"vc_single_image-img attachment-medium\" alt=\"arrow-icon\" title=\"ic\u00f4ne de fl\u00e8che\" \/><\/div>\n\t\t<\/figure>\n\t<\/div>\n\n\t<div class=\"wpb_text_column wpb_content_element\" >\n\t\t<div class=\"wpb_wrapper\">\n\t\t\t<h1>Bienvenue chez Navori Labs<\/h1>\n\n\t\t<\/div>\n\t<\/div>\n<\/div><\/div><\/div><\/div><div class=\"vc_row wpb_row vc_row-fluid\"><div class=\"wpb_column vc_column_container vc_col-sm-12\"><div class=\"vc_column-inner\"><div class=\"wpb_wrapper\">\n\t<div class=\"wpb_raw_code wpb_content_element wpb_raw_html\" >\n\t\t<div class=\"wpb_wrapper\">\n\t\t\t<p>Notre \u00e9quipe vous contactera prochainement pour planifier votre d\u00e9monstration personnalis\u00e9e.<\/p>\n\n<p>En attendant, nous vous avons envoy\u00e9 un mot de passe par e-mail. Utilisez-le pour vous connecter et commencer \u00e0 explorer votre compte.<\/p>\n\n\t\t<\/div>\n\t<\/div>\n<\/div><\/div><\/div><\/div><div class=\"vc_row wpb_row vc_row-fluid learn-more\"><div class=\"wpb_column vc_column_container vc_col-sm-12\"><div class=\"vc_column-inner\"><div class=\"wpb_wrapper\">\n\t<div class=\"wpb_text_column wpb_content_element  dn\" >\n\t\t<div class=\"wpb_wrapper\">\n\t\t\t<p>En Savoir plus<\/p>\n\n\t\t<\/div>\n\t<\/div>\n\n\t<div class=\"wpb_text_column wpb_content_element\" >\n\t\t<div class=\"wpb_wrapper\">\n\t\t\t<div class=\"btn red-btn\"><a title=\"Logiciel d&#039;affichage dynamique Navori\" href=\"\/fr\/log-in\/\">Acc\u00e9der \u00e0 votre compte<\/a><\/div>\n<div class=\"btn red-btn\"><a title=\"Logiciel d&#039;affichage dynamique Navori\" href=\"https:\/\/navori.com\/\">En savoir plus sur Navori Labs<\/a><\/div>\n\n\t\t<\/div>\n\t<\/div>\n<\/div><\/div><\/div><\/div><div class=\"vc_row wpb_row vc_row-fluid learn-more social-media\"><div class=\"wpb_column vc_column_container vc_col-sm-12\"><div class=\"vc_column-inner\"><div class=\"wpb_wrapper\">\n\t<div class=\"wpb_text_column wpb_content_element\" >\n\t\t<div class=\"wpb_wrapper\">\n\t\t\t<p>Suivez-nous sur les r\u00e9seaux sociaux<\/p>\n\n\t\t<\/div>\n\t<\/div>\n\n\t<div class=\"wpb_raw_code wpb_content_element wpb_raw_html\" >\n\t\t<div class=\"wpb_wrapper\">\n\t\t\t<a href=\"https:\/\/www.youtube.com\/user\/NavoriQL\" aria-label=\"Navori Youtube\" target=\"_blank\" rel=\"noopener\"><img loading=\"lazy\" decoding=\"async\" width=\"51\" height=\"51\" src=\"\/wp-content\/uploads\/2024\/07\/youtube-icon.webp\" alt=\"youtube-icon\" title=\"ic\u00f4ne youtube\"><\/a>\n<a href=\"https:\/\/www.linkedin.com\/company\/navori-sa\/\" aria-label=\"Navori Linkedin\" target=\"_blank\" rel=\"noopener\"><img width=\"51\" height=\"51\" src=\"\/wp-content\/uploads\/2024\/07\/linkedin-icon.webp\"\" alt=\"linkedin-icon\" title=\"ic\u00f4ne linkedin\"><\/a>\n<a href=\"https:\/\/twitter.com\/navori\/\" aria-label=\"Navori Twitter\" target=\"_blank\" rel=\"noopener\"><img loading=\"lazy\" decoding=\"async\" width=\"51\" height=\"51\" src=\"\/wp-content\/uploads\/2024\/07\/twitter-icon.webp\" alt=\"twitter-icon\" title=\"ic\u00f4ne twitter\"><\/a>\n\t\t<\/div>\n\t<\/div>\n<\/div><\/div><\/div><\/div><\/section><div class=\"vc_row-full-width vc_clearfix\"><\/div>","protected":false},"excerpt":{"rendered":"Welcome to Navori Labs Our team will reach out shortly to schedule your personalized demo. In the meantime, we\u2019ve sent a password to your inbox. Use it to log in and start exploring your account. Explore More at Access Your Account Learn more about Navori Labs Connect With Us","protected":false},"author":1,"featured_media":0,"parent":0,"menu_order":0,"comment_status":"closed","ping_status":"closed","template":"landing.php","meta":{"inline_featured_image":false,"footnotes":""},"class_list":["post-60885","page","type-page","status-publish","hentry"],"yoast_head":"<!-- This site is optimized with the Yoast SEO Premium plugin v24.1 (Yoast SEO v27.2) - https:\/\/yoast.com\/product\/yoast-seo-premium-wordpress\/ -->\n<title>Demo Request Verified - Navori Labs<\/title>\n<meta name=\"robots\" content=\"index, follow, max-snippet:-1, max-image-preview:large, max-video-preview:-1\" \/>\n<link rel=\"canonical\" href=\"https:\/\/staging2.navori.com\/fr\/demo-request-verified\/\" \/>\n<meta property=\"og:locale\" content=\"fr_FR\" \/>\n<meta property=\"og:type\" content=\"article\" \/>\n<meta property=\"og:title\" content=\"Demo Request Verified\" \/>\n<meta property=\"og:url\" content=\"https:\/\/staging2.navori.com\/fr\/demo-request-verified\/\" \/>\n<meta property=\"og:site_name\" content=\"Navori Labs\" \/>\n<meta property=\"article:publisher\" content=\"https:\/\/www.facebook.com\/NavoriLabs\" \/>\n<meta property=\"article:modified_time\" content=\"2025-06-11T13:42:22+00:00\" \/>\n<meta name=\"twitter:card\" content=\"summary_large_image\" \/>\n<meta name=\"twitter:site\" content=\"@navori\" \/>\n<meta name=\"twitter:label1\" content=\"Dur\u00e9e de lecture estim\u00e9e\" \/>\n\t<meta name=\"twitter:data1\" content=\"1 minute\" \/>\n<script type=\"application\/ld+json\" class=\"yoast-schema-graph\">{\"@context\":\"https:\/\/schema.org\",\"@graph\":[{\"@type\":\"Article\",\"@id\":\"https:\/\/staging2.navori.com\/demo-request-verified\/#article\",\"isPartOf\":{\"@id\":\"https:\/\/staging2.navori.com\/demo-request-verified\/\"},\"author\":{\"name\":\"navoriwebman1\",\"@id\":\"https:\/\/staging2.navori.com\/#\/schema\/person\/3de28eca2f1bad61c026c3bfcbedc0d0\"},\"headline\":\"Demo Request Verified\",\"datePublished\":\"2025-06-11T13:34:18+00:00\",\"dateModified\":\"2025-06-11T13:42:22+00:00\",\"mainEntityOfPage\":{\"@id\":\"https:\/\/staging2.navori.com\/demo-request-verified\/\"},\"wordCount\":264,\"publisher\":{\"@id\":\"https:\/\/staging2.navori.com\/#organization\"},\"inLanguage\":\"fr-FR\"},{\"@type\":\"WebPage\",\"@id\":\"https:\/\/staging2.navori.com\/demo-request-verified\/\",\"url\":\"https:\/\/staging2.navori.com\/demo-request-verified\/\",\"name\":\"Demo Request Verified - Navori Labs\",\"isPartOf\":{\"@id\":\"https:\/\/staging2.navori.com\/#website\"},\"datePublished\":\"2025-06-11T13:34:18+00:00\",\"dateModified\":\"2025-06-11T13:42:22+00:00\",\"breadcrumb\":{\"@id\":\"https:\/\/staging2.navori.com\/demo-request-verified\/#breadcrumb\"},\"inLanguage\":\"fr-FR\",\"potentialAction\":[{\"@type\":\"ReadAction\",\"target\":[\"https:\/\/staging2.navori.com\/demo-request-verified\/\"]}]},{\"@type\":\"BreadcrumbList\",\"@id\":\"https:\/\/staging2.navori.com\/demo-request-verified\/#breadcrumb\",\"itemListElement\":[{\"@type\":\"ListItem\",\"position\":1,\"name\":\"Home\",\"item\":\"https:\/\/staging2.navori.com\/\"},{\"@type\":\"ListItem\",\"position\":2,\"name\":\"Demo Request Verified\"}]},{\"@type\":\"WebSite\",\"@id\":\"https:\/\/staging2.navori.com\/#website\",\"url\":\"https:\/\/staging2.navori.com\/\",\"name\":\"Navori Labs\",\"description\":\"\",\"publisher\":{\"@id\":\"https:\/\/staging2.navori.com\/#organization\"},\"potentialAction\":[{\"@type\":\"SearchAction\",\"target\":{\"@type\":\"EntryPoint\",\"urlTemplate\":\"https:\/\/staging2.navori.com\/?s={search_term_string}\"},\"query-input\":{\"@type\":\"PropertyValueSpecification\",\"valueRequired\":true,\"valueName\":\"search_term_string\"}}],\"inLanguage\":\"fr-FR\"},{\"@type\":\"Organization\",\"@id\":\"https:\/\/staging2.navori.com\/#organization\",\"name\":\"Navori Labs\",\"url\":\"https:\/\/staging2.navori.com\/\",\"logo\":{\"@type\":\"ImageObject\",\"inLanguage\":\"fr-FR\",\"@id\":\"https:\/\/staging2.navori.com\/#\/schema\/logo\/image\/\",\"url\":\"https:\/\/staging2.navori.com\/wp-content\/uploads\/2024\/04\/NAVORI-logo.svg\",\"contentUrl\":\"https:\/\/staging2.navori.com\/wp-content\/uploads\/2024\/04\/NAVORI-logo.svg\",\"width\":120,\"height\":19,\"caption\":\"Navori Labs\"},\"image\":{\"@id\":\"https:\/\/staging2.navori.com\/#\/schema\/logo\/image\/\"},\"sameAs\":[\"https:\/\/www.facebook.com\/NavoriLabs\",\"https:\/\/x.com\/navori\",\"https:\/\/www.instagram.com\/navorilabs\",\"https:\/\/www.linkedin.com\/company\/navori-sa\",\"https:\/\/www.youtube.com\/user\/NavoriQL\"]},{\"@type\":\"Person\",\"@id\":\"https:\/\/staging2.navori.com\/#\/schema\/person\/3de28eca2f1bad61c026c3bfcbedc0d0\",\"name\":\"navoriwebman1\",\"image\":{\"@type\":\"ImageObject\",\"inLanguage\":\"fr-FR\",\"@id\":\"https:\/\/secure.gravatar.com\/avatar\/7b547b91e1c1c1bbaf0c28a3b85ef79f28f971c49b2650159ba15d821147fcde?s=96&d=mm&r=g\",\"url\":\"https:\/\/secure.gravatar.com\/avatar\/7b547b91e1c1c1bbaf0c28a3b85ef79f28f971c49b2650159ba15d821147fcde?s=96&d=mm&r=g\",\"contentUrl\":\"https:\/\/secure.gravatar.com\/avatar\/7b547b91e1c1c1bbaf0c28a3b85ef79f28f971c49b2650159ba15d821147fcde?s=96&d=mm&r=g\",\"caption\":\"navoriwebman1\"},\"sameAs\":[\"https:\/\/navori.com\"],\"url\":\"https:\/\/staging2.navori.com\/fr\/author\/navoriwebman1\/\"}]}<\/script>\n<!-- \/ Yoast SEO Premium plugin. -->","yoast_head_json":{"title":"Demande de d\u00e9monstration v\u00e9rifi\u00e9e - Navori Labs","robots":{"index":"index","follow":"follow","max-snippet":"max-snippet:-1","max-image-preview":"max-image-preview:large","max-video-preview":"max-video-preview:-1"},"canonical":"https:\/\/staging2.navori.com\/fr\/demo-request-verified\/","og_locale":"fr_FR","og_type":"article","og_title":"Demo Request Verified","og_url":"https:\/\/staging2.navori.com\/fr\/demo-request-verified\/","og_site_name":"Navori Labs","article_publisher":"https:\/\/www.facebook.com\/NavoriLabs","article_modified_time":"2025-06-11T13:42:22+00:00","twitter_card":"summary_large_image","twitter_site":"@navori","twitter_misc":{"Dur\u00e9e de lecture estim\u00e9e":"1 minute"},"schema":{"@context":"https:\/\/schema.org","@graph":[{"@type":"Article","@id":"https:\/\/staging2.navori.com\/demo-request-verified\/#article","isPartOf":{"@id":"https:\/\/staging2.navori.com\/demo-request-verified\/"},"author":{"name":"navoriwebman1","@id":"https:\/\/staging2.navori.com\/#\/schema\/person\/3de28eca2f1bad61c026c3bfcbedc0d0"},"headline":"Demo Request Verified","datePublished":"2025-06-11T13:34:18+00:00","dateModified":"2025-06-11T13:42:22+00:00","mainEntityOfPage":{"@id":"https:\/\/staging2.navori.com\/demo-request-verified\/"},"wordCount":264,"publisher":{"@id":"https:\/\/staging2.navori.com\/#organization"},"inLanguage":"fr-FR"},{"@type":"WebPage","@id":"https:\/\/staging2.navori.com\/demo-request-verified\/","url":"https:\/\/staging2.navori.com\/demo-request-verified\/","name":"Demande de d\u00e9monstration v\u00e9rifi\u00e9e - Navori Labs","isPartOf":{"@id":"https:\/\/staging2.navori.com\/#website"},"datePublished":"2025-06-11T13:34:18+00:00","dateModified":"2025-06-11T13:42:22+00:00","breadcrumb":{"@id":"https:\/\/staging2.navori.com\/demo-request-verified\/#breadcrumb"},"inLanguage":"fr-FR","potentialAction":[{"@type":"ReadAction","target":["https:\/\/staging2.navori.com\/demo-request-verified\/"]}]},{"@type":"BreadcrumbList","@id":"https:\/\/staging2.navori.com\/demo-request-verified\/#breadcrumb","itemListElement":[{"@type":"ListItem","position":1,"name":"Home","item":"https:\/\/staging2.navori.com\/"},{"@type":"ListItem","position":2,"name":"Demo Request Verified"}]},{"@type":"WebSite","@id":"https:\/\/staging2.navori.com\/#website","url":"https:\/\/staging2.navori.com\/","name":"Navori Labs","description":"","publisher":{"@id":"https:\/\/staging2.navori.com\/#organization"},"potentialAction":[{"@type":"SearchAction","target":{"@type":"EntryPoint","urlTemplate":"https:\/\/staging2.navori.com\/?s={search_term_string}"},"query-input":{"@type":"PropertyValueSpecification","valueRequired":true,"valueName":"search_term_string"}}],"inLanguage":"fr-FR"},{"@type":"Organization","@id":"https:\/\/staging2.navori.com\/#organization","name":"Navori Labs","url":"https:\/\/staging2.navori.com\/","logo":{"@type":"ImageObject","inLanguage":"fr-FR","@id":"https:\/\/staging2.navori.com\/#\/schema\/logo\/image\/","url":"https:\/\/staging2.navori.com\/wp-content\/uploads\/2024\/04\/NAVORI-logo.svg","contentUrl":"https:\/\/staging2.navori.com\/wp-content\/uploads\/2024\/04\/NAVORI-logo.svg","width":120,"height":19,"caption":"Navori Labs"},"image":{"@id":"https:\/\/staging2.navori.com\/#\/schema\/logo\/image\/"},"sameAs":["https:\/\/www.facebook.com\/NavoriLabs","https:\/\/x.com\/navori","https:\/\/www.instagram.com\/navorilabs","https:\/\/www.linkedin.com\/company\/navori-sa","https:\/\/www.youtube.com\/user\/NavoriQL"]},{"@type":"Person","@id":"https:\/\/staging2.navori.com\/#\/schema\/person\/3de28eca2f1bad61c026c3bfcbedc0d0","name":"navoriwebman1","image":{"@type":"ImageObject","inLanguage":"fr-FR","@id":"https:\/\/secure.gravatar.com\/avatar\/7b547b91e1c1c1bbaf0c28a3b85ef79f28f971c49b2650159ba15d821147fcde?s=96&d=mm&r=g","url":"https:\/\/secure.gravatar.com\/avatar\/7b547b91e1c1c1bbaf0c28a3b85ef79f28f971c49b2650159ba15d821147fcde?s=96&d=mm&r=g","contentUrl":"https:\/\/secure.gravatar.com\/avatar\/7b547b91e1c1c1bbaf0c28a3b85ef79f28f971c49b2650159ba15d821147fcde?s=96&d=mm&r=g","caption":"navoriwebman1"},"sameAs":["https:\/\/navori.com"],"url":"https:\/\/staging2.navori.com\/fr\/author\/navoriwebman1\/"}]}},"_links":{"self":[{"href":"https:\/\/staging2.navori.com\/fr\/wp-json\/wp\/v2\/pages\/60885","targetHints":{"allow":["GET"]}}],"collection":[{"href":"https:\/\/staging2.navori.com\/fr\/wp-json\/wp\/v2\/pages"}],"about":[{"href":"https:\/\/staging2.navori.com\/fr\/wp-json\/wp\/v2\/types\/page"}],"author":[{"embeddable":true,"href":"https:\/\/staging2.navori.com\/fr\/wp-json\/wp\/v2\/users\/1"}],"replies":[{"embeddable":true,"href":"https:\/\/staging2.navori.com\/fr\/wp-json\/wp\/v2\/comments?post=60885"}],"version-history":[{"count":0,"href":"https:\/\/staging2.navori.com\/fr\/wp-json\/wp\/v2\/pages\/60885\/revisions"}],"wp:attachment":[{"href":"https:\/\/staging2.navori.com\/fr\/wp-json\/wp\/v2\/media?parent=60885"}],"curies":[{"name":"wp","href":"https:\/\/api.w.org\/{rel}","templated":true}]}}